{"id":4647,"date":"2024-05-19T12:27:53","date_gmt":"2024-05-19T12:27:53","guid":{"rendered":"https:\/\/filbet.eu\/?page_id=4647"},"modified":"2024-05-20T13:28:36","modified_gmt":"2024-05-20T13:28:36","slug":"serralheria","status":"publish","type":"page","link":"https:\/\/filbet.eu\/en\/servicos\/serralheria\/","title":{"rendered":"Locksmith"},"content":{"rendered":"<div data-elementor-type=\"wp-page\" data-elementor-id=\"4647\" class=\"elementor elementor-4647\">\n\t\t\t\t<div class=\"elementor-element elementor-element-29ddbb3 e-flex e-con-boxed e-con e-parent\" data-id=\"29ddbb3\" data-element_type=\"container\">\r\n\t\t\t\t\t<div class=\"e-con-inner\">\r\n\t\t<div class=\"elementor-element elementor-element-ae57db3 e-con-full e-flex e-con e-child\" data-id=\"ae57db3\" data-element_type=\"container\">\r\n\t\t\t\t<div class=\"elementor-element elementor-element-f802be8 elementor-widget elementor-widget-image\" data-id=\"f802be8\" data-element_type=\"widget\" data-widget_type=\"image.default\">\n\t\t\t\t<div class=\"elementor-widget-container\">\n\t\t\t\t\t\t\t\t\t\t\t\t\t\t\t<img fetchpriority=\"high\" decoding=\"async\" width=\"289\" height=\"289\" src=\"https:\/\/filbet.eu\/wp-content\/uploads\/2024\/05\/categoria-serralheria.jpg\" class=\"attachment-full size-full wp-image-4517\" alt=\"\" \/>\t\t\t\t\t\t\t\t\t\t\t\t\t\t\t<\/div>\n\t\t\t\t<\/div>\n\t\t\t\t<div class=\"elementor-element elementor-element-1d8239b elementor-widget elementor-widget-porto_ultimate_heading\" data-id=\"1d8239b\" data-element_type=\"widget\" data-widget_type=\"porto_ultimate_heading.default\">\n\t\t\t\t<div class=\"elementor-widget-container\">\n\t\t\t\t\t<div class=\"porto-u-heading  porto-u-ad87e2eaf3f9c495180fe0156ddf3eb0\"><div class=\"porto-u-main-heading\"><h2   >Locksmith<\/h2><\/div><div class=\"porto-u-heading-spacer line_only\" style=\"height:1px;\"><span class=\"porto-u-headings-line\" style=\"border-style:solid;border-bottom-width:1px;width:80px;\"><\/span><\/div><style>.porto-u-ad87e2eaf3f9c495180fe0156ddf3eb0.porto-u-heading{text-align:left} .porto-u-ad87e2eaf3f9c495180fe0156ddf3eb0 .porto-u-headings-line{float: left;}<\/style><\/div>\t\t\t\t<\/div>\n\t\t\t\t<\/div>\n\t\t\t\t<div class=\"elementor-element elementor-element-cd87ce1 elementor-widget elementor-widget-text-editor\" data-id=\"cd87ce1\" data-element_type=\"widget\" data-widget_type=\"text-editor.default\">\n\t\t\t\t<div class=\"elementor-widget-container\">\n\t\t\t\t\t\t\t\t\t<p>Our locksmith services range from manufacturing to installation of metal structures, railings, gates and other customized solutions.<\/p>\t\t\t\t\t\t\t\t<\/div>\n\t\t\t\t<\/div>\n\t\t\t\t<div class=\"elementor-element elementor-element-98c027e elementor-widget elementor-widget-text-editor\" data-id=\"98c027e\" data-element_type=\"widget\" data-widget_type=\"text-editor.default\">\n\t\t\t\t<div class=\"elementor-widget-container\">\n\t\t\t\t\t\t\t\t\t<p>We use high quality materials and advanced techniques to create products that combine resistance and aesthetics. We serve residential, commercial and industrial projects, always focusing on customer satisfaction and the durability of our works.<\/p>\t\t\t\t\t\t\t\t<\/div>\n\t\t\t\t<\/div>\n\t\t\t\t<\/div>\n\t\t<div class=\"elementor-element elementor-element-1a91af3 e-con-full e-flex e-con e-child\" data-id=\"1a91af3\" data-element_type=\"container\">\r\n\t\t\t\t<\/div>\n\t\t\t\t\t<\/div>\n\t\t\t\t<\/div>\n\t\t<div class=\"elementor-element elementor-element-3b27287 e-flex e-con-boxed e-con e-parent\" data-id=\"3b27287\" data-element_type=\"container\">\r\n\t\t\t\t\t<div class=\"e-con-inner\">\r\n\t\t\t\t<div class=\"elementor-element elementor-element-d3c0943 elementor-widget elementor-widget-image-gallery\" data-id=\"d3c0943\" data-element_type=\"widget\" data-widget_type=\"image-gallery.default\">\n\t\t\t\t<div class=\"elementor-widget-container\">\n\t\t\t\t\t\t\t<div class=\"elementor-image-gallery\">\n\t\t\t<div id='gallery-1' class='gallery galleryid-4647 gallery-columns-3 gallery-size-medium_large'><figure class='gallery-item'>\n\t\t\t<div class='gallery-icon landscape'>\n\t\t\t\t<a data-elementor-open-lightbox=\"yes\" data-elementor-lightbox-slideshow=\"d3c0943\" data-elementor-lightbox-title=\"04-3\" data-e-action-hash=\"#elementor-action%3Aaction%3Dlightbox%26settings%3DeyJpZCI6NDY0OSwidXJsIjoiaHR0cHM6XC9cL2ZpbGJldC5ldVwvd3AtY29udGVudFwvdXBsb2Fkc1wvMjAyNFwvMDVcLzA0LTMuanBlZyIsInNsaWRlc2hvdyI6ImQzYzA5NDMifQ%3D%3D\" href='https:\/\/filbet.eu\/wp-content\/uploads\/2024\/05\/04-3.jpeg'><img decoding=\"async\" width=\"768\" height=\"576\" src=\"https:\/\/filbet.eu\/wp-content\/uploads\/2024\/05\/04-3-768x576.jpeg\" class=\"attachment-medium_large size-medium_large\" alt=\"\" srcset=\"https:\/\/filbet.eu\/wp-content\/uploads\/2024\/05\/04-3-768x576.jpeg 768w, https:\/\/filbet.eu\/wp-content\/uploads\/2024\/05\/04-3-463x348.jpeg 463w, https:\/\/filbet.eu\/wp-content\/uploads\/2024\/05\/04-3-640x480.jpeg 640w, https:\/\/filbet.eu\/wp-content\/uploads\/2024\/05\/04-3-400x300.jpeg 400w, https:\/\/filbet.eu\/wp-content\/uploads\/2024\/05\/04-3-367x275.jpeg 367w\" sizes=\"(max-width: 768px) 100vw, 768px\" \/><\/a>\n\t\t\t<\/div><\/figure><figure class='gallery-item'>\n\t\t\t<div class='gallery-icon landscape'>\n\t\t\t\t<a data-elementor-open-lightbox=\"yes\" data-elementor-lightbox-slideshow=\"d3c0943\" data-elementor-lightbox-title=\"08-1-1024x768\" data-e-action-hash=\"#elementor-action%3Aaction%3Dlightbox%26settings%3DeyJpZCI6NDY1MCwidXJsIjoiaHR0cHM6XC9cL2ZpbGJldC5ldVwvd3AtY29udGVudFwvdXBsb2Fkc1wvMjAyNFwvMDVcLzA4LTEtMTAyNHg3NjgtMS5qcGciLCJzbGlkZXNob3ciOiJkM2MwOTQzIn0%3D\" href='https:\/\/filbet.eu\/wp-content\/uploads\/2024\/05\/08-1-1024x768-1.jpg'><img decoding=\"async\" width=\"768\" height=\"576\" src=\"https:\/\/filbet.eu\/wp-content\/uploads\/2024\/05\/08-1-1024x768-1-768x576.jpg\" class=\"attachment-medium_large size-medium_large\" alt=\"\" srcset=\"https:\/\/filbet.eu\/wp-content\/uploads\/2024\/05\/08-1-1024x768-1-768x576.jpg 768w, https:\/\/filbet.eu\/wp-content\/uploads\/2024\/05\/08-1-1024x768-1-463x348.jpg 463w, https:\/\/filbet.eu\/wp-content\/uploads\/2024\/05\/08-1-1024x768-1-640x480.jpg 640w, https:\/\/filbet.eu\/wp-content\/uploads\/2024\/05\/08-1-1024x768-1-400x300.jpg 400w, https:\/\/filbet.eu\/wp-content\/uploads\/2024\/05\/08-1-1024x768-1-367x275.jpg 367w\" sizes=\"(max-width: 768px) 100vw, 768px\" \/><\/a>\n\t\t\t<\/div><\/figure><figure class='gallery-item'>\n\t\t\t<div class='gallery-icon landscape'>\n\t\t\t\t<a data-elementor-open-lightbox=\"yes\" data-elementor-lightbox-slideshow=\"d3c0943\" data-elementor-lightbox-title=\"10\" data-e-action-hash=\"#elementor-action%3Aaction%3Dlightbox%26settings%3DeyJpZCI6NDY1MiwidXJsIjoiaHR0cHM6XC9cL2ZpbGJldC5ldVwvd3AtY29udGVudFwvdXBsb2Fkc1wvMjAyNFwvMDVcLzEwLmpwZWciLCJzbGlkZXNob3ciOiJkM2MwOTQzIn0%3D\" href='https:\/\/filbet.eu\/wp-content\/uploads\/2024\/05\/10.jpeg'><img loading=\"lazy\" decoding=\"async\" width=\"768\" height=\"576\" src=\"https:\/\/filbet.eu\/wp-content\/uploads\/2024\/05\/10-768x576.jpeg\" class=\"attachment-medium_large size-medium_large\" alt=\"\" srcset=\"https:\/\/filbet.eu\/wp-content\/uploads\/2024\/05\/10-768x576.jpeg 768w, https:\/\/filbet.eu\/wp-content\/uploads\/2024\/05\/10-463x348.jpeg 463w, https:\/\/filbet.eu\/wp-content\/uploads\/2024\/05\/10-640x480.jpeg 640w, https:\/\/filbet.eu\/wp-content\/uploads\/2024\/05\/10-400x300.jpeg 400w, https:\/\/filbet.eu\/wp-content\/uploads\/2024\/05\/10-367x275.jpeg 367w\" sizes=\"(max-width: 768px) 100vw, 768px\" \/><\/a>\n\t\t\t<\/div><\/figure><figure class='gallery-item'>\n\t\t\t<div class='gallery-icon landscape'>\n\t\t\t\t<a data-elementor-open-lightbox=\"yes\" data-elementor-lightbox-slideshow=\"d3c0943\" data-elementor-lightbox-title=\"20\" data-e-action-hash=\"#elementor-action%3Aaction%3Dlightbox%26settings%3DeyJpZCI6NDY1MywidXJsIjoiaHR0cHM6XC9cL2ZpbGJldC5ldVwvd3AtY29udGVudFwvdXBsb2Fkc1wvMjAyNFwvMDVcLzIwLmpwZWciLCJzbGlkZXNob3ciOiJkM2MwOTQzIn0%3D\" href='https:\/\/filbet.eu\/wp-content\/uploads\/2024\/05\/20.jpeg'><img loading=\"lazy\" decoding=\"async\" width=\"768\" height=\"576\" src=\"https:\/\/filbet.eu\/wp-content\/uploads\/2024\/05\/20-768x576.jpeg\" class=\"attachment-medium_large size-medium_large\" alt=\"\" srcset=\"https:\/\/filbet.eu\/wp-content\/uploads\/2024\/05\/20-768x576.jpeg 768w, https:\/\/filbet.eu\/wp-content\/uploads\/2024\/05\/20-463x348.jpeg 463w, https:\/\/filbet.eu\/wp-content\/uploads\/2024\/05\/20-640x480.jpeg 640w, https:\/\/filbet.eu\/wp-content\/uploads\/2024\/05\/20-400x300.jpeg 400w, https:\/\/filbet.eu\/wp-content\/uploads\/2024\/05\/20-367x275.jpeg 367w\" sizes=\"(max-width: 768px) 100vw, 768px\" \/><\/a>\n\t\t\t<\/div><\/figure><figure class='gallery-item'>\n\t\t\t<div class='gallery-icon landscape'>\n\t\t\t\t<a data-elementor-open-lightbox=\"yes\" data-elementor-lightbox-slideshow=\"d3c0943\" data-elementor-lightbox-title=\"29\" data-e-action-hash=\"#elementor-action%3Aaction%3Dlightbox%26settings%3DeyJpZCI6NDY1NSwidXJsIjoiaHR0cHM6XC9cL2ZpbGJldC5ldVwvd3AtY29udGVudFwvdXBsb2Fkc1wvMjAyNFwvMDVcLzI5LmpwZWciLCJzbGlkZXNob3ciOiJkM2MwOTQzIn0%3D\" href='https:\/\/filbet.eu\/wp-content\/uploads\/2024\/05\/29.jpeg'><img loading=\"lazy\" decoding=\"async\" width=\"768\" height=\"576\" src=\"https:\/\/filbet.eu\/wp-content\/uploads\/2024\/05\/29-768x576.jpeg\" class=\"attachment-medium_large size-medium_large\" alt=\"\" srcset=\"https:\/\/filbet.eu\/wp-content\/uploads\/2024\/05\/29-768x576.jpeg 768w, https:\/\/filbet.eu\/wp-content\/uploads\/2024\/05\/29-463x348.jpeg 463w, https:\/\/filbet.eu\/wp-content\/uploads\/2024\/05\/29-640x480.jpeg 640w, https:\/\/filbet.eu\/wp-content\/uploads\/2024\/05\/29-400x300.jpeg 400w, https:\/\/filbet.eu\/wp-content\/uploads\/2024\/05\/29-367x275.jpeg 367w\" sizes=\"(max-width: 768px) 100vw, 768px\" \/><\/a>\n\t\t\t<\/div><\/figure><figure class='gallery-item'>\n\t\t\t<div class='gallery-icon landscape'>\n\t\t\t\t<a data-elementor-open-lightbox=\"yes\" data-elementor-lightbox-slideshow=\"d3c0943\" data-elementor-lightbox-title=\"34-1\" data-e-action-hash=\"#elementor-action%3Aaction%3Dlightbox%26settings%3DeyJpZCI6NDY1NiwidXJsIjoiaHR0cHM6XC9cL2ZpbGJldC5ldVwvd3AtY29udGVudFwvdXBsb2Fkc1wvMjAyNFwvMDVcLzM0LTEuanBlZyIsInNsaWRlc2hvdyI6ImQzYzA5NDMifQ%3D%3D\" href='https:\/\/filbet.eu\/wp-content\/uploads\/2024\/05\/34-1.jpeg'><img loading=\"lazy\" decoding=\"async\" width=\"768\" height=\"576\" src=\"https:\/\/filbet.eu\/wp-content\/uploads\/2024\/05\/34-1-768x576.jpeg\" class=\"attachment-medium_large size-medium_large\" alt=\"\" srcset=\"https:\/\/filbet.eu\/wp-content\/uploads\/2024\/05\/34-1-768x576.jpeg 768w, https:\/\/filbet.eu\/wp-content\/uploads\/2024\/05\/34-1-463x348.jpeg 463w, https:\/\/filbet.eu\/wp-content\/uploads\/2024\/05\/34-1-640x480.jpeg 640w, https:\/\/filbet.eu\/wp-content\/uploads\/2024\/05\/34-1-400x300.jpeg 400w, https:\/\/filbet.eu\/wp-content\/uploads\/2024\/05\/34-1-367x275.jpeg 367w\" sizes=\"(max-width: 768px) 100vw, 768px\" \/><\/a>\n\t\t\t<\/div><\/figure><figure class='gallery-item'>\n\t\t\t<div class='gallery-icon landscape'>\n\t\t\t\t<a data-elementor-open-lightbox=\"yes\" data-elementor-lightbox-slideshow=\"d3c0943\" data-elementor-lightbox-title=\"35\" data-e-action-hash=\"#elementor-action%3Aaction%3Dlightbox%26settings%3DeyJpZCI6NDY1NywidXJsIjoiaHR0cHM6XC9cL2ZpbGJldC5ldVwvd3AtY29udGVudFwvdXBsb2Fkc1wvMjAyNFwvMDVcLzM1LmpwZWciLCJzbGlkZXNob3ciOiJkM2MwOTQzIn0%3D\" href='https:\/\/filbet.eu\/wp-content\/uploads\/2024\/05\/35.jpeg'><img loading=\"lazy\" decoding=\"async\" width=\"768\" height=\"576\" src=\"https:\/\/filbet.eu\/wp-content\/uploads\/2024\/05\/35-768x576.jpeg\" class=\"attachment-medium_large size-medium_large\" alt=\"\" srcset=\"https:\/\/filbet.eu\/wp-content\/uploads\/2024\/05\/35-768x576.jpeg 768w, https:\/\/filbet.eu\/wp-content\/uploads\/2024\/05\/35-463x348.jpeg 463w, https:\/\/filbet.eu\/wp-content\/uploads\/2024\/05\/35-640x480.jpeg 640w, https:\/\/filbet.eu\/wp-content\/uploads\/2024\/05\/35-400x300.jpeg 400w, https:\/\/filbet.eu\/wp-content\/uploads\/2024\/05\/35-367x275.jpeg 367w\" sizes=\"(max-width: 768px) 100vw, 768px\" \/><\/a>\n\t\t\t<\/div><\/figure>\n\t\t<\/div>\n\t\t<\/div>\n\t\t\t\t\t\t<\/div>\n\t\t\t\t<\/div>\n\t\t\t\t\t<\/div>\n\t\t\t\t<\/div>\n\t\t\t\t<\/div>","protected":false},"excerpt":{"rendered":"<p>Serralheria Os nossos servi\u00e7os de serralharia abrangem desde a fabrica\u00e7\u00e3o at\u00e9 a instala\u00e7\u00e3o de estruturas met\u00e1licas, grades, port\u00f5es e outras solu\u00e7\u00f5es personalizadas. Utilizamos materiais de alta qualidade e t\u00e9cnicas avan\u00e7adas para criar produtos que combinam resist\u00eancia e est\u00e9tica. Atendemos a projetos residenciais, comerciais e industriais, sempre com foco na satisfa\u00e7\u00e3o do cliente e na durabilidade [&hellip;]<\/p>","protected":false},"author":1,"featured_media":0,"parent":4509,"menu_order":0,"comment_status":"closed","ping_status":"closed","template":"","meta":{"_acf_changed":false,"footnotes":""},"class_list":["post-4647","page","type-page","status-publish","hentry"],"acf":[],"_links":{"self":[{"href":"https:\/\/filbet.eu\/en\/wp-json\/wp\/v2\/pages\/4647","targetHints":{"allow":["GET"]}}],"collection":[{"href":"https:\/\/filbet.eu\/en\/wp-json\/wp\/v2\/pages"}],"about":[{"href":"https:\/\/filbet.eu\/en\/wp-json\/wp\/v2\/types\/page"}],"author":[{"embeddable":true,"href":"https:\/\/filbet.eu\/en\/wp-json\/wp\/v2\/users\/1"}],"replies":[{"embeddable":true,"href":"https:\/\/filbet.eu\/en\/wp-json\/wp\/v2\/comments?post=4647"}],"version-history":[{"count":7,"href":"https:\/\/filbet.eu\/en\/wp-json\/wp\/v2\/pages\/4647\/revisions"}],"predecessor-version":[{"id":4899,"href":"https:\/\/filbet.eu\/en\/wp-json\/wp\/v2\/pages\/4647\/revisions\/4899"}],"up":[{"embeddable":true,"href":"https:\/\/filbet.eu\/en\/wp-json\/wp\/v2\/pages\/4509"}],"wp:attachment":[{"href":"https:\/\/filbet.eu\/en\/wp-json\/wp\/v2\/media?parent=4647"}],"curies":[{"name":"wp","href":"https:\/\/api.w.org\/{rel}","templated":true}]}}