{"id":4606,"date":"2024-05-19T12:14:51","date_gmt":"2024-05-19T12:14:51","guid":{"rendered":"https:\/\/filbet.eu\/?page_id=4606"},"modified":"2024-05-20T13:25:58","modified_gmt":"2024-05-20T13:25:58","slug":"acabamentos","status":"publish","type":"page","link":"https:\/\/filbet.eu\/en\/servicos\/acabamentos\/","title":{"rendered":"Finishes"},"content":{"rendered":"<div data-elementor-type=\"wp-page\" data-elementor-id=\"4606\" class=\"elementor elementor-4606\">\n\t\t\t\t<div class=\"elementor-element elementor-element-29ddbb3 e-flex e-con-boxed e-con e-parent\" data-id=\"29ddbb3\" data-element_type=\"container\">\r\n\t\t\t\t\t<div class=\"e-con-inner\">\r\n\t\t<div class=\"elementor-element elementor-element-ae57db3 e-con-full e-flex e-con e-child\" data-id=\"ae57db3\" data-element_type=\"container\">\r\n\t\t\t\t<div class=\"elementor-element elementor-element-f802be8 elementor-widget elementor-widget-image\" data-id=\"f802be8\" data-element_type=\"widget\" data-widget_type=\"image.default\">\n\t\t\t\t<div class=\"elementor-widget-container\">\n\t\t\t\t\t\t\t\t\t\t\t\t\t\t\t<img fetchpriority=\"high\" decoding=\"async\" width=\"289\" height=\"289\" src=\"https:\/\/filbet.eu\/wp-content\/uploads\/2024\/05\/categoria-acabamentos.jpg\" class=\"attachment-full size-full wp-image-4511\" alt=\"\" \/>\t\t\t\t\t\t\t\t\t\t\t\t\t\t\t<\/div>\n\t\t\t\t<\/div>\n\t\t\t\t<div class=\"elementor-element elementor-element-1d8239b elementor-widget elementor-widget-porto_ultimate_heading\" data-id=\"1d8239b\" data-element_type=\"widget\" data-widget_type=\"porto_ultimate_heading.default\">\n\t\t\t\t<div class=\"elementor-widget-container\">\n\t\t\t\t\t<div class=\"porto-u-heading  porto-u-ad87e2eaf3f9c495180fe0156ddf3eb0\"><div class=\"porto-u-main-heading\"><h2   >Finishes<\/h2><\/div><div class=\"porto-u-heading-spacer line_only\" style=\"height:1px;\"><span class=\"porto-u-headings-line\" style=\"border-style:solid;border-bottom-width:1px;width:80px;\"><\/span><\/div><style>.porto-u-ad87e2eaf3f9c495180fe0156ddf3eb0.porto-u-heading{text-align:left} .porto-u-ad87e2eaf3f9c495180fe0156ddf3eb0 .porto-u-headings-line{float: left;}<\/style><\/div>\t\t\t\t<\/div>\n\t\t\t\t<\/div>\n\t\t\t\t<div class=\"elementor-element elementor-element-cd87ce1 elementor-widget elementor-widget-text-editor\" data-id=\"cd87ce1\" data-element_type=\"widget\" data-widget_type=\"text-editor.default\">\n\t\t\t\t<div class=\"elementor-widget-container\">\n\t\t\t\t\t\t\t\t\t<p>We offer finishing services that transform any space, adding elegance and functionality.<\/p>\t\t\t\t\t\t\t\t<\/div>\n\t\t\t\t<\/div>\n\t\t\t\t<div class=\"elementor-element elementor-element-98c027e elementor-widget elementor-widget-text-editor\" data-id=\"98c027e\" data-element_type=\"widget\" data-widget_type=\"text-editor.default\">\n\t\t\t\t<div class=\"elementor-widget-container\">\n\t\t\t\t\t\t\t\t\t<p>Our team specializes in painting, coatings, flooring, among others, ensuring a high quality finish that meets your expectations. We work with attention to detail and a commitment to perfection, so that each project is completed with excellence.<\/p>\t\t\t\t\t\t\t\t<\/div>\n\t\t\t\t<\/div>\n\t\t\t\t<\/div>\n\t\t<div class=\"elementor-element elementor-element-1a91af3 e-con-full e-flex e-con e-child\" data-id=\"1a91af3\" data-element_type=\"container\">\r\n\t\t\t\t<\/div>\n\t\t\t\t\t<\/div>\n\t\t\t\t<\/div>\n\t\t<div class=\"elementor-element elementor-element-973bddf e-flex e-con-boxed e-con e-parent\" data-id=\"973bddf\" data-element_type=\"container\">\r\n\t\t\t\t\t<div class=\"e-con-inner\">\r\n\t\t\t\t<div class=\"elementor-element elementor-element-e7766d5 elementor-widget elementor-widget-image-gallery\" data-id=\"e7766d5\" data-element_type=\"widget\" data-widget_type=\"image-gallery.default\">\n\t\t\t\t<div class=\"elementor-widget-container\">\n\t\t\t\t\t\t\t<div class=\"elementor-image-gallery\">\n\t\t\t<div id='gallery-1' class='gallery galleryid-4606 gallery-columns-3 gallery-size-medium_large'><figure class='gallery-item'>\n\t\t\t<div class='gallery-icon landscape'>\n\t\t\t\t<a data-elementor-open-lightbox=\"yes\" data-elementor-lightbox-slideshow=\"e7766d5\" data-elementor-lightbox-title=\"01-4\" data-e-action-hash=\"#elementor-action%3Aaction%3Dlightbox%26settings%3DeyJpZCI6NDYxMiwidXJsIjoiaHR0cHM6XC9cL2ZpbGJldC5ldVwvd3AtY29udGVudFwvdXBsb2Fkc1wvMjAyNFwvMDVcLzAxLTQuanBlZyIsInNsaWRlc2hvdyI6ImU3NzY2ZDUifQ%3D%3D\" href='https:\/\/filbet.eu\/wp-content\/uploads\/2024\/05\/01-4.jpeg'><img decoding=\"async\" width=\"768\" height=\"575\" src=\"https:\/\/filbet.eu\/wp-content\/uploads\/2024\/05\/01-4-768x575.jpeg\" class=\"attachment-medium_large size-medium_large\" alt=\"\" srcset=\"https:\/\/filbet.eu\/wp-content\/uploads\/2024\/05\/01-4-768x575.jpeg 768w, https:\/\/filbet.eu\/wp-content\/uploads\/2024\/05\/01-4-463x348.jpeg 463w, https:\/\/filbet.eu\/wp-content\/uploads\/2024\/05\/01-4-640x480.jpeg 640w, https:\/\/filbet.eu\/wp-content\/uploads\/2024\/05\/01-4-400x300.jpeg 400w, https:\/\/filbet.eu\/wp-content\/uploads\/2024\/05\/01-4-367x275.jpeg 367w\" sizes=\"(max-width: 768px) 100vw, 768px\" \/><\/a>\n\t\t\t<\/div><\/figure><figure class='gallery-item'>\n\t\t\t<div class='gallery-icon landscape'>\n\t\t\t\t<a data-elementor-open-lightbox=\"yes\" data-elementor-lightbox-slideshow=\"e7766d5\" data-elementor-lightbox-title=\"03-4\" data-e-action-hash=\"#elementor-action%3Aaction%3Dlightbox%26settings%3DeyJpZCI6NDYxMywidXJsIjoiaHR0cHM6XC9cL2ZpbGJldC5ldVwvd3AtY29udGVudFwvdXBsb2Fkc1wvMjAyNFwvMDVcLzAzLTQuanBlZyIsInNsaWRlc2hvdyI6ImU3NzY2ZDUifQ%3D%3D\" href='https:\/\/filbet.eu\/wp-content\/uploads\/2024\/05\/03-4.jpeg'><img decoding=\"async\" width=\"768\" height=\"576\" src=\"https:\/\/filbet.eu\/wp-content\/uploads\/2024\/05\/03-4-768x576.jpeg\" class=\"attachment-medium_large size-medium_large\" alt=\"\" srcset=\"https:\/\/filbet.eu\/wp-content\/uploads\/2024\/05\/03-4-768x576.jpeg 768w, https:\/\/filbet.eu\/wp-content\/uploads\/2024\/05\/03-4-463x348.jpeg 463w, https:\/\/filbet.eu\/wp-content\/uploads\/2024\/05\/03-4-640x480.jpeg 640w, https:\/\/filbet.eu\/wp-content\/uploads\/2024\/05\/03-4-400x300.jpeg 400w, https:\/\/filbet.eu\/wp-content\/uploads\/2024\/05\/03-4-367x275.jpeg 367w\" sizes=\"(max-width: 768px) 100vw, 768px\" \/><\/a>\n\t\t\t<\/div><\/figure><figure class='gallery-item'>\n\t\t\t<div class='gallery-icon landscape'>\n\t\t\t\t<a data-elementor-open-lightbox=\"yes\" data-elementor-lightbox-slideshow=\"e7766d5\" data-elementor-lightbox-title=\"04-5\" data-e-action-hash=\"#elementor-action%3Aaction%3Dlightbox%26settings%3DeyJpZCI6NDYxNCwidXJsIjoiaHR0cHM6XC9cL2ZpbGJldC5ldVwvd3AtY29udGVudFwvdXBsb2Fkc1wvMjAyNFwvMDVcLzA0LTUuanBlZyIsInNsaWRlc2hvdyI6ImU3NzY2ZDUifQ%3D%3D\" href='https:\/\/filbet.eu\/wp-content\/uploads\/2024\/05\/04-5.jpeg'><img loading=\"lazy\" decoding=\"async\" width=\"768\" height=\"576\" src=\"https:\/\/filbet.eu\/wp-content\/uploads\/2024\/05\/04-5-768x576.jpeg\" class=\"attachment-medium_large size-medium_large\" alt=\"\" srcset=\"https:\/\/filbet.eu\/wp-content\/uploads\/2024\/05\/04-5-768x576.jpeg 768w, https:\/\/filbet.eu\/wp-content\/uploads\/2024\/05\/04-5-463x348.jpeg 463w, https:\/\/filbet.eu\/wp-content\/uploads\/2024\/05\/04-5-640x480.jpeg 640w, https:\/\/filbet.eu\/wp-content\/uploads\/2024\/05\/04-5-400x300.jpeg 400w, https:\/\/filbet.eu\/wp-content\/uploads\/2024\/05\/04-5-367x275.jpeg 367w\" sizes=\"(max-width: 768px) 100vw, 768px\" \/><\/a>\n\t\t\t<\/div><\/figure><figure class='gallery-item'>\n\t\t\t<div class='gallery-icon landscape'>\n\t\t\t\t<a data-elementor-open-lightbox=\"yes\" data-elementor-lightbox-slideshow=\"e7766d5\" data-elementor-lightbox-title=\"06-2\" data-e-action-hash=\"#elementor-action%3Aaction%3Dlightbox%26settings%3DeyJpZCI6NDYxNSwidXJsIjoiaHR0cHM6XC9cL2ZpbGJldC5ldVwvd3AtY29udGVudFwvdXBsb2Fkc1wvMjAyNFwvMDVcLzA2LTIuanBlZyIsInNsaWRlc2hvdyI6ImU3NzY2ZDUifQ%3D%3D\" href='https:\/\/filbet.eu\/wp-content\/uploads\/2024\/05\/06-2.jpeg'><img loading=\"lazy\" decoding=\"async\" width=\"768\" height=\"576\" src=\"https:\/\/filbet.eu\/wp-content\/uploads\/2024\/05\/06-2-768x576.jpeg\" class=\"attachment-medium_large size-medium_large\" alt=\"\" srcset=\"https:\/\/filbet.eu\/wp-content\/uploads\/2024\/05\/06-2-768x576.jpeg 768w, https:\/\/filbet.eu\/wp-content\/uploads\/2024\/05\/06-2-463x348.jpeg 463w, https:\/\/filbet.eu\/wp-content\/uploads\/2024\/05\/06-2-640x480.jpeg 640w, https:\/\/filbet.eu\/wp-content\/uploads\/2024\/05\/06-2-400x300.jpeg 400w, https:\/\/filbet.eu\/wp-content\/uploads\/2024\/05\/06-2-367x275.jpeg 367w\" sizes=\"(max-width: 768px) 100vw, 768px\" \/><\/a>\n\t\t\t<\/div><\/figure><figure class='gallery-item'>\n\t\t\t<div class='gallery-icon landscape'>\n\t\t\t\t<a data-elementor-open-lightbox=\"yes\" data-elementor-lightbox-slideshow=\"e7766d5\" data-elementor-lightbox-title=\"08-3\" data-e-action-hash=\"#elementor-action%3Aaction%3Dlightbox%26settings%3DeyJpZCI6NDYxNiwidXJsIjoiaHR0cHM6XC9cL2ZpbGJldC5ldVwvd3AtY29udGVudFwvdXBsb2Fkc1wvMjAyNFwvMDVcLzA4LTMuanBlZyIsInNsaWRlc2hvdyI6ImU3NzY2ZDUifQ%3D%3D\" href='https:\/\/filbet.eu\/wp-content\/uploads\/2024\/05\/08-3.jpeg'><img loading=\"lazy\" decoding=\"async\" width=\"768\" height=\"576\" src=\"https:\/\/filbet.eu\/wp-content\/uploads\/2024\/05\/08-3-768x576.jpeg\" class=\"attachment-medium_large size-medium_large\" alt=\"\" srcset=\"https:\/\/filbet.eu\/wp-content\/uploads\/2024\/05\/08-3-768x576.jpeg 768w, https:\/\/filbet.eu\/wp-content\/uploads\/2024\/05\/08-3-463x348.jpeg 463w, https:\/\/filbet.eu\/wp-content\/uploads\/2024\/05\/08-3-640x480.jpeg 640w, https:\/\/filbet.eu\/wp-content\/uploads\/2024\/05\/08-3-400x300.jpeg 400w, https:\/\/filbet.eu\/wp-content\/uploads\/2024\/05\/08-3-367x275.jpeg 367w\" sizes=\"(max-width: 768px) 100vw, 768px\" \/><\/a>\n\t\t\t<\/div><\/figure><figure class='gallery-item'>\n\t\t\t<div class='gallery-icon landscape'>\n\t\t\t\t<a data-elementor-open-lightbox=\"yes\" data-elementor-lightbox-slideshow=\"e7766d5\" data-elementor-lightbox-title=\"10-1\" data-e-action-hash=\"#elementor-action%3Aaction%3Dlightbox%26settings%3DeyJpZCI6NDYxNywidXJsIjoiaHR0cHM6XC9cL2ZpbGJldC5ldVwvd3AtY29udGVudFwvdXBsb2Fkc1wvMjAyNFwvMDVcLzEwLTEuanBlZyIsInNsaWRlc2hvdyI6ImU3NzY2ZDUifQ%3D%3D\" href='https:\/\/filbet.eu\/wp-content\/uploads\/2024\/05\/10-1.jpeg'><img loading=\"lazy\" decoding=\"async\" width=\"768\" height=\"576\" src=\"https:\/\/filbet.eu\/wp-content\/uploads\/2024\/05\/10-1-768x576.jpeg\" class=\"attachment-medium_large size-medium_large\" alt=\"\" srcset=\"https:\/\/filbet.eu\/wp-content\/uploads\/2024\/05\/10-1-768x576.jpeg 768w, https:\/\/filbet.eu\/wp-content\/uploads\/2024\/05\/10-1-463x348.jpeg 463w, https:\/\/filbet.eu\/wp-content\/uploads\/2024\/05\/10-1-640x480.jpeg 640w, https:\/\/filbet.eu\/wp-content\/uploads\/2024\/05\/10-1-400x300.jpeg 400w, https:\/\/filbet.eu\/wp-content\/uploads\/2024\/05\/10-1-367x275.jpeg 367w\" sizes=\"(max-width: 768px) 100vw, 768px\" \/><\/a>\n\t\t\t<\/div><\/figure><figure class='gallery-item'>\n\t\t\t<div class='gallery-icon landscape'>\n\t\t\t\t<a data-elementor-open-lightbox=\"yes\" data-elementor-lightbox-slideshow=\"e7766d5\" data-elementor-lightbox-title=\"11-2\" data-e-action-hash=\"#elementor-action%3Aaction%3Dlightbox%26settings%3DeyJpZCI6NDYxOCwidXJsIjoiaHR0cHM6XC9cL2ZpbGJldC5ldVwvd3AtY29udGVudFwvdXBsb2Fkc1wvMjAyNFwvMDVcLzExLTIuanBlZyIsInNsaWRlc2hvdyI6ImU3NzY2ZDUifQ%3D%3D\" href='https:\/\/filbet.eu\/wp-content\/uploads\/2024\/05\/11-2.jpeg'><img loading=\"lazy\" decoding=\"async\" width=\"768\" height=\"576\" src=\"https:\/\/filbet.eu\/wp-content\/uploads\/2024\/05\/11-2-768x576.jpeg\" class=\"attachment-medium_large size-medium_large\" alt=\"\" srcset=\"https:\/\/filbet.eu\/wp-content\/uploads\/2024\/05\/11-2-768x576.jpeg 768w, https:\/\/filbet.eu\/wp-content\/uploads\/2024\/05\/11-2-463x348.jpeg 463w, https:\/\/filbet.eu\/wp-content\/uploads\/2024\/05\/11-2-640x480.jpeg 640w, https:\/\/filbet.eu\/wp-content\/uploads\/2024\/05\/11-2-400x300.jpeg 400w, https:\/\/filbet.eu\/wp-content\/uploads\/2024\/05\/11-2-367x275.jpeg 367w\" sizes=\"(max-width: 768px) 100vw, 768px\" \/><\/a>\n\t\t\t<\/div><\/figure><figure class='gallery-item'>\n\t\t\t<div class='gallery-icon landscape'>\n\t\t\t\t<a data-elementor-open-lightbox=\"yes\" data-elementor-lightbox-slideshow=\"e7766d5\" data-elementor-lightbox-title=\"12-2\" data-e-action-hash=\"#elementor-action%3Aaction%3Dlightbox%26settings%3DeyJpZCI6NDYxOSwidXJsIjoiaHR0cHM6XC9cL2ZpbGJldC5ldVwvd3AtY29udGVudFwvdXBsb2Fkc1wvMjAyNFwvMDVcLzEyLTIuanBlZyIsInNsaWRlc2hvdyI6ImU3NzY2ZDUifQ%3D%3D\" href='https:\/\/filbet.eu\/wp-content\/uploads\/2024\/05\/12-2.jpeg'><img loading=\"lazy\" decoding=\"async\" width=\"768\" height=\"575\" src=\"https:\/\/filbet.eu\/wp-content\/uploads\/2024\/05\/12-2-768x575.jpeg\" class=\"attachment-medium_large size-medium_large\" alt=\"\" srcset=\"https:\/\/filbet.eu\/wp-content\/uploads\/2024\/05\/12-2-768x575.jpeg 768w, https:\/\/filbet.eu\/wp-content\/uploads\/2024\/05\/12-2-463x348.jpeg 463w, https:\/\/filbet.eu\/wp-content\/uploads\/2024\/05\/12-2-640x480.jpeg 640w, https:\/\/filbet.eu\/wp-content\/uploads\/2024\/05\/12-2-400x300.jpeg 400w, https:\/\/filbet.eu\/wp-content\/uploads\/2024\/05\/12-2-367x275.jpeg 367w\" sizes=\"(max-width: 768px) 100vw, 768px\" \/><\/a>\n\t\t\t<\/div><\/figure>\n\t\t<\/div>\n\t\t<\/div>\n\t\t\t\t\t\t<\/div>\n\t\t\t\t<\/div>\n\t\t\t\t\t<\/div>\n\t\t\t\t<\/div>\n\t\t\t\t<\/div>","protected":false},"excerpt":{"rendered":"<p>Acabamentos Oferecemos servi\u00e7os de acabamentos que transformam qualquer espa\u00e7o, conferindo eleg\u00e2ncia e funcionalidade. A nossa equipe \u00e9 especializada em pintura, revestimentos, pisos, entre outros, garantindo um acabamento de alta qualidade que atende \u00e0s suas expectativas. Trabalhamos com aten\u00e7\u00e3o aos detalhes e comprometimento com a perfei\u00e7\u00e3o, para que cada projeto seja conclu\u00eddo com excel\u00eancia.<\/p>","protected":false},"author":1,"featured_media":0,"parent":4509,"menu_order":0,"comment_status":"closed","ping_status":"closed","template":"","meta":{"_acf_changed":false,"footnotes":""},"class_list":["post-4606","page","type-page","status-publish","hentry"],"acf":[],"_links":{"self":[{"href":"https:\/\/filbet.eu\/en\/wp-json\/wp\/v2\/pages\/4606","targetHints":{"allow":["GET"]}}],"collection":[{"href":"https:\/\/filbet.eu\/en\/wp-json\/wp\/v2\/pages"}],"about":[{"href":"https:\/\/filbet.eu\/en\/wp-json\/wp\/v2\/types\/page"}],"author":[{"embeddable":true,"href":"https:\/\/filbet.eu\/en\/wp-json\/wp\/v2\/users\/1"}],"replies":[{"embeddable":true,"href":"https:\/\/filbet.eu\/en\/wp-json\/wp\/v2\/comments?post=4606"}],"version-history":[{"count":10,"href":"https:\/\/filbet.eu\/en\/wp-json\/wp\/v2\/pages\/4606\/revisions"}],"predecessor-version":[{"id":4884,"href":"https:\/\/filbet.eu\/en\/wp-json\/wp\/v2\/pages\/4606\/revisions\/4884"}],"up":[{"embeddable":true,"href":"https:\/\/filbet.eu\/en\/wp-json\/wp\/v2\/pages\/4509"}],"wp:attachment":[{"href":"https:\/\/filbet.eu\/en\/wp-json\/wp\/v2\/media?parent=4606"}],"curies":[{"name":"wp","href":"https:\/\/api.w.org\/{rel}","templated":true}]}}