{"id":4591,"date":"2024-05-19T12:06:57","date_gmt":"2024-05-19T12:06:57","guid":{"rendered":"https:\/\/filbet.eu\/?page_id=4591"},"modified":"2024-05-20T13:26:30","modified_gmt":"2024-05-20T13:26:30","slug":"placas-de-gesso","status":"publish","type":"page","link":"https:\/\/filbet.eu\/en\/servicos\/placas-de-gesso\/","title":{"rendered":"Drywall"},"content":{"rendered":"<div data-elementor-type=\"wp-page\" data-elementor-id=\"4591\" class=\"elementor elementor-4591\">\n\t\t\t\t<div class=\"elementor-element elementor-element-29ddbb3 e-flex e-con-boxed e-con e-parent\" data-id=\"29ddbb3\" data-element_type=\"container\">\r\n\t\t\t\t\t<div class=\"e-con-inner\">\r\n\t\t<div class=\"elementor-element elementor-element-ae57db3 e-con-full e-flex e-con e-child\" data-id=\"ae57db3\" data-element_type=\"container\">\r\n\t\t\t\t<div class=\"elementor-element elementor-element-f802be8 elementor-widget elementor-widget-image\" data-id=\"f802be8\" data-element_type=\"widget\" data-widget_type=\"image.default\">\n\t\t\t\t<div class=\"elementor-widget-container\">\n\t\t\t\t\t\t\t\t\t\t\t\t\t\t\t<img fetchpriority=\"high\" decoding=\"async\" width=\"289\" height=\"289\" src=\"https:\/\/filbet.eu\/wp-content\/uploads\/2024\/05\/categoria-placas-gesso.jpg\" class=\"attachment-full size-full wp-image-4515\" alt=\"\" \/>\t\t\t\t\t\t\t\t\t\t\t\t\t\t\t<\/div>\n\t\t\t\t<\/div>\n\t\t\t\t<div class=\"elementor-element elementor-element-1d8239b elementor-widget elementor-widget-porto_ultimate_heading\" data-id=\"1d8239b\" data-element_type=\"widget\" data-widget_type=\"porto_ultimate_heading.default\">\n\t\t\t\t<div class=\"elementor-widget-container\">\n\t\t\t\t\t<div class=\"porto-u-heading  porto-u-ad87e2eaf3f9c495180fe0156ddf3eb0\"><div class=\"porto-u-main-heading\"><h2   >Drywall<\/h2><\/div><div class=\"porto-u-heading-spacer line_only\" style=\"height:1px;\"><span class=\"porto-u-headings-line\" style=\"border-style:solid;border-bottom-width:1px;width:80px;\"><\/span><\/div><style>.porto-u-ad87e2eaf3f9c495180fe0156ddf3eb0.porto-u-heading{text-align:left} .porto-u-ad87e2eaf3f9c495180fe0156ddf3eb0 .porto-u-headings-line{float: left;}<\/style><\/div>\t\t\t\t<\/div>\n\t\t\t\t<\/div>\n\t\t\t\t<div class=\"elementor-element elementor-element-cd87ce1 elementor-widget elementor-widget-text-editor\" data-id=\"cd87ce1\" data-element_type=\"widget\" data-widget_type=\"text-editor.default\">\n\t\t\t\t<div class=\"elementor-widget-container\">\n\t\t\t\t\t\t\t\t\t<p>Gypsum boards are a versatile and efficient solution for various construction needs.<\/p>\t\t\t\t\t\t\t\t<\/div>\n\t\t\t\t<\/div>\n\t\t\t\t<div class=\"elementor-element elementor-element-98c027e elementor-widget elementor-widget-text-editor\" data-id=\"98c027e\" data-element_type=\"widget\" data-widget_type=\"text-editor.default\">\n\t\t\t\t<div class=\"elementor-widget-container\">\n\t\t\t\t\t\t\t\t\t<p>Our team specializes in installing plasterboard for walls, ceilings and partitions, providing an impeccable, high-quality finish. We work with precision and attention to detail to ensure the end result is both aesthetically pleasing and functional.<\/p>\t\t\t\t\t\t\t\t<\/div>\n\t\t\t\t<\/div>\n\t\t\t\t<\/div>\n\t\t<div class=\"elementor-element elementor-element-1a91af3 e-con-full e-flex e-con e-child\" data-id=\"1a91af3\" data-element_type=\"container\">\r\n\t\t\t\t<\/div>\n\t\t\t\t\t<\/div>\n\t\t\t\t<\/div>\n\t\t<div class=\"elementor-element elementor-element-05c12ee e-flex e-con-boxed e-con e-parent\" data-id=\"05c12ee\" data-element_type=\"container\">\r\n\t\t\t\t\t<div class=\"e-con-inner\">\r\n\t\t\t\t<div class=\"elementor-element elementor-element-00af21f elementor-widget elementor-widget-image-gallery\" data-id=\"00af21f\" data-element_type=\"widget\" data-widget_type=\"image-gallery.default\">\n\t\t\t\t<div class=\"elementor-widget-container\">\n\t\t\t\t\t\t\t<div class=\"elementor-image-gallery\">\n\t\t\t<div id='gallery-1' class='gallery galleryid-4591 gallery-columns-3 gallery-size-medium_large'><figure class='gallery-item'>\n\t\t\t<div class='gallery-icon landscape'>\n\t\t\t\t<a data-elementor-open-lightbox=\"yes\" data-elementor-lightbox-slideshow=\"00af21f\" data-elementor-lightbox-title=\"03-3\" data-e-action-hash=\"#elementor-action%3Aaction%3Dlightbox%26settings%3DeyJpZCI6NDU5NCwidXJsIjoiaHR0cHM6XC9cL2ZpbGJldC5ldVwvd3AtY29udGVudFwvdXBsb2Fkc1wvMjAyNFwvMDVcLzAzLTMuanBlZyIsInNsaWRlc2hvdyI6IjAwYWYyMWYifQ%3D%3D\" href='https:\/\/filbet.eu\/wp-content\/uploads\/2024\/05\/03-3.jpeg'><img decoding=\"async\" width=\"768\" height=\"576\" src=\"https:\/\/filbet.eu\/wp-content\/uploads\/2024\/05\/03-3-768x576.jpeg\" class=\"attachment-medium_large size-medium_large\" alt=\"\" srcset=\"https:\/\/filbet.eu\/wp-content\/uploads\/2024\/05\/03-3-768x576.jpeg 768w, https:\/\/filbet.eu\/wp-content\/uploads\/2024\/05\/03-3-463x348.jpeg 463w, https:\/\/filbet.eu\/wp-content\/uploads\/2024\/05\/03-3-640x480.jpeg 640w, https:\/\/filbet.eu\/wp-content\/uploads\/2024\/05\/03-3-400x300.jpeg 400w, https:\/\/filbet.eu\/wp-content\/uploads\/2024\/05\/03-3-367x275.jpeg 367w\" sizes=\"(max-width: 768px) 100vw, 768px\" \/><\/a>\n\t\t\t<\/div><\/figure><figure class='gallery-item'>\n\t\t\t<div class='gallery-icon landscape'>\n\t\t\t\t<a data-elementor-open-lightbox=\"yes\" data-elementor-lightbox-slideshow=\"00af21f\" data-elementor-lightbox-title=\"08-2\" data-e-action-hash=\"#elementor-action%3Aaction%3Dlightbox%26settings%3DeyJpZCI6NDU5NSwidXJsIjoiaHR0cHM6XC9cL2ZpbGJldC5ldVwvd3AtY29udGVudFwvdXBsb2Fkc1wvMjAyNFwvMDVcLzA4LTIuanBlZyIsInNsaWRlc2hvdyI6IjAwYWYyMWYifQ%3D%3D\" href='https:\/\/filbet.eu\/wp-content\/uploads\/2024\/05\/08-2.jpeg'><img decoding=\"async\" width=\"768\" height=\"576\" src=\"https:\/\/filbet.eu\/wp-content\/uploads\/2024\/05\/08-2-768x576.jpeg\" class=\"attachment-medium_large size-medium_large\" alt=\"\" srcset=\"https:\/\/filbet.eu\/wp-content\/uploads\/2024\/05\/08-2-768x576.jpeg 768w, https:\/\/filbet.eu\/wp-content\/uploads\/2024\/05\/08-2-463x348.jpeg 463w, https:\/\/filbet.eu\/wp-content\/uploads\/2024\/05\/08-2-640x480.jpeg 640w, https:\/\/filbet.eu\/wp-content\/uploads\/2024\/05\/08-2-400x300.jpeg 400w, https:\/\/filbet.eu\/wp-content\/uploads\/2024\/05\/08-2-367x275.jpeg 367w\" sizes=\"(max-width: 768px) 100vw, 768px\" \/><\/a>\n\t\t\t<\/div><\/figure><figure class='gallery-item'>\n\t\t\t<div class='gallery-icon landscape'>\n\t\t\t\t<a data-elementor-open-lightbox=\"yes\" data-elementor-lightbox-slideshow=\"00af21f\" data-elementor-lightbox-title=\"07\" data-e-action-hash=\"#elementor-action%3Aaction%3Dlightbox%26settings%3DeyJpZCI6NDU5NiwidXJsIjoiaHR0cHM6XC9cL2ZpbGJldC5ldVwvd3AtY29udGVudFwvdXBsb2Fkc1wvMjAyNFwvMDVcLzA3LmpwZWciLCJzbGlkZXNob3ciOiIwMGFmMjFmIn0%3D\" href='https:\/\/filbet.eu\/wp-content\/uploads\/2024\/05\/07.jpeg'><img loading=\"lazy\" decoding=\"async\" width=\"768\" height=\"576\" src=\"https:\/\/filbet.eu\/wp-content\/uploads\/2024\/05\/07-768x576.jpeg\" class=\"attachment-medium_large size-medium_large\" alt=\"\" srcset=\"https:\/\/filbet.eu\/wp-content\/uploads\/2024\/05\/07-768x576.jpeg 768w, https:\/\/filbet.eu\/wp-content\/uploads\/2024\/05\/07-463x348.jpeg 463w, https:\/\/filbet.eu\/wp-content\/uploads\/2024\/05\/07-640x480.jpeg 640w, https:\/\/filbet.eu\/wp-content\/uploads\/2024\/05\/07-400x300.jpeg 400w, https:\/\/filbet.eu\/wp-content\/uploads\/2024\/05\/07-367x275.jpeg 367w\" sizes=\"(max-width: 768px) 100vw, 768px\" \/><\/a>\n\t\t\t<\/div><\/figure><figure class='gallery-item'>\n\t\t\t<div class='gallery-icon landscape'>\n\t\t\t\t<a data-elementor-open-lightbox=\"yes\" data-elementor-lightbox-slideshow=\"00af21f\" data-elementor-lightbox-title=\"06-1\" data-e-action-hash=\"#elementor-action%3Aaction%3Dlightbox%26settings%3DeyJpZCI6NDU5NywidXJsIjoiaHR0cHM6XC9cL2ZpbGJldC5ldVwvd3AtY29udGVudFwvdXBsb2Fkc1wvMjAyNFwvMDVcLzA2LTEuanBlZyIsInNsaWRlc2hvdyI6IjAwYWYyMWYifQ%3D%3D\" href='https:\/\/filbet.eu\/wp-content\/uploads\/2024\/05\/06-1.jpeg'><img loading=\"lazy\" decoding=\"async\" width=\"768\" height=\"576\" src=\"https:\/\/filbet.eu\/wp-content\/uploads\/2024\/05\/06-1-768x576.jpeg\" class=\"attachment-medium_large size-medium_large\" alt=\"\" srcset=\"https:\/\/filbet.eu\/wp-content\/uploads\/2024\/05\/06-1-768x576.jpeg 768w, https:\/\/filbet.eu\/wp-content\/uploads\/2024\/05\/06-1-463x348.jpeg 463w, https:\/\/filbet.eu\/wp-content\/uploads\/2024\/05\/06-1-640x480.jpeg 640w, https:\/\/filbet.eu\/wp-content\/uploads\/2024\/05\/06-1-400x300.jpeg 400w, https:\/\/filbet.eu\/wp-content\/uploads\/2024\/05\/06-1-367x275.jpeg 367w\" sizes=\"(max-width: 768px) 100vw, 768px\" \/><\/a>\n\t\t\t<\/div><\/figure><figure class='gallery-item'>\n\t\t\t<div class='gallery-icon landscape'>\n\t\t\t\t<a data-elementor-open-lightbox=\"yes\" data-elementor-lightbox-slideshow=\"00af21f\" data-elementor-lightbox-title=\"01-3\" data-e-action-hash=\"#elementor-action%3Aaction%3Dlightbox%26settings%3DeyJpZCI6NDU5MywidXJsIjoiaHR0cHM6XC9cL2ZpbGJldC5ldVwvd3AtY29udGVudFwvdXBsb2Fkc1wvMjAyNFwvMDVcLzAxLTMuanBlZyIsInNsaWRlc2hvdyI6IjAwYWYyMWYifQ%3D%3D\" href='https:\/\/filbet.eu\/wp-content\/uploads\/2024\/05\/01-3.jpeg'><img loading=\"lazy\" decoding=\"async\" width=\"768\" height=\"576\" src=\"https:\/\/filbet.eu\/wp-content\/uploads\/2024\/05\/01-3-768x576.jpeg\" class=\"attachment-medium_large size-medium_large\" alt=\"\" srcset=\"https:\/\/filbet.eu\/wp-content\/uploads\/2024\/05\/01-3-768x576.jpeg 768w, https:\/\/filbet.eu\/wp-content\/uploads\/2024\/05\/01-3-463x348.jpeg 463w, https:\/\/filbet.eu\/wp-content\/uploads\/2024\/05\/01-3-640x480.jpeg 640w, https:\/\/filbet.eu\/wp-content\/uploads\/2024\/05\/01-3-400x300.jpeg 400w, https:\/\/filbet.eu\/wp-content\/uploads\/2024\/05\/01-3-367x275.jpeg 367w\" sizes=\"(max-width: 768px) 100vw, 768px\" \/><\/a>\n\t\t\t<\/div><\/figure>\n\t\t<\/div>\n\t\t<\/div>\n\t\t\t\t\t\t<\/div>\n\t\t\t\t<\/div>\n\t\t\t\t\t<\/div>\n\t\t\t\t<\/div>\n\t\t\t\t<\/div>","protected":false},"excerpt":{"rendered":"<p>Placas de Gesso As placas de gesso s\u00e3o uma solu\u00e7\u00e3o vers\u00e1til e eficiente para diversas necessidades de constru\u00e7\u00e3o. A nossa equipa \u00e9 especializada na instala\u00e7\u00e3o de placas de gesso para paredes, tetos e divis\u00f3rias, proporcionando um acabamento impec\u00e1vel e de alta qualidade. Trabalhamos com precis\u00e3o e aten\u00e7\u00e3o aos detalhes para garantir que o resultado final [&hellip;]<\/p>","protected":false},"author":1,"featured_media":0,"parent":4509,"menu_order":0,"comment_status":"closed","ping_status":"closed","template":"","meta":{"_acf_changed":false,"footnotes":""},"class_list":["post-4591","page","type-page","status-publish","hentry"],"acf":[],"_links":{"self":[{"href":"https:\/\/filbet.eu\/en\/wp-json\/wp\/v2\/pages\/4591","targetHints":{"allow":["GET"]}}],"collection":[{"href":"https:\/\/filbet.eu\/en\/wp-json\/wp\/v2\/pages"}],"about":[{"href":"https:\/\/filbet.eu\/en\/wp-json\/wp\/v2\/types\/page"}],"author":[{"embeddable":true,"href":"https:\/\/filbet.eu\/en\/wp-json\/wp\/v2\/users\/1"}],"replies":[{"embeddable":true,"href":"https:\/\/filbet.eu\/en\/wp-json\/wp\/v2\/comments?post=4591"}],"version-history":[{"count":7,"href":"https:\/\/filbet.eu\/en\/wp-json\/wp\/v2\/pages\/4591\/revisions"}],"predecessor-version":[{"id":4887,"href":"https:\/\/filbet.eu\/en\/wp-json\/wp\/v2\/pages\/4591\/revisions\/4887"}],"up":[{"embeddable":true,"href":"https:\/\/filbet.eu\/en\/wp-json\/wp\/v2\/pages\/4509"}],"wp:attachment":[{"href":"https:\/\/filbet.eu\/en\/wp-json\/wp\/v2\/media?parent=4591"}],"curies":[{"name":"wp","href":"https:\/\/api.w.org\/{rel}","templated":true}]}}