{"id":4583,"date":"2024-05-19T12:02:22","date_gmt":"2024-05-19T12:02:22","guid":{"rendered":"https:\/\/filbet.eu\/?page_id=4583"},"modified":"2024-05-20T13:27:34","modified_gmt":"2024-05-20T13:27:34","slug":"canalizacao","status":"publish","type":"page","link":"https:\/\/filbet.eu\/en\/servicos\/canalizacao\/","title":{"rendered":"Plumbing"},"content":{"rendered":"<div data-elementor-type=\"wp-page\" data-elementor-id=\"4583\" class=\"elementor elementor-4583\">\n\t\t\t\t<div class=\"elementor-element elementor-element-29ddbb3 e-flex e-con-boxed e-con e-parent\" data-id=\"29ddbb3\" data-element_type=\"container\">\r\n\t\t\t\t\t<div class=\"e-con-inner\">\r\n\t\t<div class=\"elementor-element elementor-element-ae57db3 e-con-full e-flex e-con e-child\" data-id=\"ae57db3\" data-element_type=\"container\">\r\n\t\t\t\t<div class=\"elementor-element elementor-element-f802be8 elementor-widget elementor-widget-image\" data-id=\"f802be8\" data-element_type=\"widget\" data-widget_type=\"image.default\">\n\t\t\t\t<div class=\"elementor-widget-container\">\n\t\t\t\t\t\t\t\t\t\t\t\t\t\t\t<img fetchpriority=\"high\" decoding=\"async\" width=\"289\" height=\"289\" src=\"https:\/\/filbet.eu\/wp-content\/uploads\/2024\/05\/categoria-canalizacao.jpg\" class=\"attachment-full size-full wp-image-4512\" alt=\"\" \/>\t\t\t\t\t\t\t\t\t\t\t\t\t\t\t<\/div>\n\t\t\t\t<\/div>\n\t\t\t\t<div class=\"elementor-element elementor-element-1d8239b elementor-widget elementor-widget-porto_ultimate_heading\" data-id=\"1d8239b\" data-element_type=\"widget\" data-widget_type=\"porto_ultimate_heading.default\">\n\t\t\t\t<div class=\"elementor-widget-container\">\n\t\t\t\t\t<div class=\"porto-u-heading  porto-u-ad87e2eaf3f9c495180fe0156ddf3eb0\"><div class=\"porto-u-main-heading\"><h2   >Plumbing<\/h2><\/div><div class=\"porto-u-heading-spacer line_only\" style=\"height:1px;\"><span class=\"porto-u-headings-line\" style=\"border-style:solid;border-bottom-width:1px;width:80px;\"><\/span><\/div><style>.porto-u-ad87e2eaf3f9c495180fe0156ddf3eb0.porto-u-heading{text-align:left} .porto-u-ad87e2eaf3f9c495180fe0156ddf3eb0 .porto-u-headings-line{float: left;}<\/style><\/div>\t\t\t\t<\/div>\n\t\t\t\t<\/div>\n\t\t\t\t<div class=\"elementor-element elementor-element-cd87ce1 elementor-widget elementor-widget-text-editor\" data-id=\"cd87ce1\" data-element_type=\"widget\" data-widget_type=\"text-editor.default\">\n\t\t\t\t<div class=\"elementor-widget-container\">\n\t\t\t\t\t\t\t\t\t<p>Our team of plumbing experts offers complete solutions for hydraulic systems, ensuring efficiency and durability.<\/p>\t\t\t\t\t\t\t\t<\/div>\n\t\t\t\t<\/div>\n\t\t\t\t<div class=\"elementor-element elementor-element-98c027e elementor-widget elementor-widget-text-editor\" data-id=\"98c027e\" data-element_type=\"widget\" data-widget_type=\"text-editor.default\">\n\t\t\t\t<div class=\"elementor-widget-container\">\n\t\t\t\t\t\t\t\t\t<p>Whether for new installations, repairs or maintenance, we use high-quality materials and advanced techniques to ensure your plumbing system works perfectly. We serve both residential and commercial projects, always with a commitment to providing safety and functionality.<\/p>\t\t\t\t\t\t\t\t<\/div>\n\t\t\t\t<\/div>\n\t\t\t\t<\/div>\n\t\t<div class=\"elementor-element elementor-element-1a91af3 e-con-full e-flex e-con e-child\" data-id=\"1a91af3\" data-element_type=\"container\">\r\n\t\t\t\t<\/div>\n\t\t\t\t\t<\/div>\n\t\t\t\t<\/div>\n\t\t<div class=\"elementor-element elementor-element-05c12ee e-flex e-con-boxed e-con e-parent\" data-id=\"05c12ee\" data-element_type=\"container\">\r\n\t\t\t\t\t<div class=\"e-con-inner\">\r\n\t\t\t\t<div class=\"elementor-element elementor-element-00af21f gallery-spacing-custom elementor-widget elementor-widget-image-gallery\" data-id=\"00af21f\" data-element_type=\"widget\" data-widget_type=\"image-gallery.default\">\n\t\t\t\t<div class=\"elementor-widget-container\">\n\t\t\t\t\t\t\t<div class=\"elementor-image-gallery\">\n\t\t\t<div id='gallery-1' class='gallery galleryid-4583 gallery-columns-3 gallery-size-medium_large'><figure class='gallery-item'>\n\t\t\t<div class='gallery-icon landscape'>\n\t\t\t\t<a data-elementor-open-lightbox=\"yes\" data-elementor-lightbox-slideshow=\"00af21f\" data-elementor-lightbox-title=\"19-1\" data-e-action-hash=\"#elementor-action%3Aaction%3Dlightbox%26settings%3DeyJpZCI6NDU4NiwidXJsIjoiaHR0cHM6XC9cL2ZpbGJldC5ldVwvd3AtY29udGVudFwvdXBsb2Fkc1wvMjAyNFwvMDVcLzE5LTEuanBlZyIsInNsaWRlc2hvdyI6IjAwYWYyMWYifQ%3D%3D\" href='https:\/\/filbet.eu\/wp-content\/uploads\/2024\/05\/19-1.jpeg'><img decoding=\"async\" width=\"768\" height=\"576\" src=\"https:\/\/filbet.eu\/wp-content\/uploads\/2024\/05\/19-1-768x576.jpeg\" class=\"attachment-medium_large size-medium_large\" alt=\"\" srcset=\"https:\/\/filbet.eu\/wp-content\/uploads\/2024\/05\/19-1-768x576.jpeg 768w, https:\/\/filbet.eu\/wp-content\/uploads\/2024\/05\/19-1-463x348.jpeg 463w, https:\/\/filbet.eu\/wp-content\/uploads\/2024\/05\/19-1-640x480.jpeg 640w, https:\/\/filbet.eu\/wp-content\/uploads\/2024\/05\/19-1-400x300.jpeg 400w, https:\/\/filbet.eu\/wp-content\/uploads\/2024\/05\/19-1-367x275.jpeg 367w\" sizes=\"(max-width: 768px) 100vw, 768px\" \/><\/a>\n\t\t\t<\/div><\/figure><figure class='gallery-item'>\n\t\t\t<div class='gallery-icon landscape'>\n\t\t\t\t<a data-elementor-open-lightbox=\"yes\" data-elementor-lightbox-slideshow=\"00af21f\" data-elementor-lightbox-title=\"12\" data-e-action-hash=\"#elementor-action%3Aaction%3Dlightbox%26settings%3DeyJpZCI6NDU4NywidXJsIjoiaHR0cHM6XC9cL2ZpbGJldC5ldVwvd3AtY29udGVudFwvdXBsb2Fkc1wvMjAyNFwvMDVcLzEyLmpwZWciLCJzbGlkZXNob3ciOiIwMGFmMjFmIn0%3D\" href='https:\/\/filbet.eu\/wp-content\/uploads\/2024\/05\/12.jpeg'><img decoding=\"async\" width=\"768\" height=\"576\" src=\"https:\/\/filbet.eu\/wp-content\/uploads\/2024\/05\/12-768x576.jpeg\" class=\"attachment-medium_large size-medium_large\" alt=\"\" srcset=\"https:\/\/filbet.eu\/wp-content\/uploads\/2024\/05\/12-768x576.jpeg 768w, https:\/\/filbet.eu\/wp-content\/uploads\/2024\/05\/12-463x348.jpeg 463w, https:\/\/filbet.eu\/wp-content\/uploads\/2024\/05\/12-640x480.jpeg 640w, https:\/\/filbet.eu\/wp-content\/uploads\/2024\/05\/12-400x300.jpeg 400w, https:\/\/filbet.eu\/wp-content\/uploads\/2024\/05\/12-367x275.jpeg 367w\" sizes=\"(max-width: 768px) 100vw, 768px\" \/><\/a>\n\t\t\t<\/div><\/figure><figure class='gallery-item'>\n\t\t\t<div class='gallery-icon landscape'>\n\t\t\t\t<a data-elementor-open-lightbox=\"yes\" data-elementor-lightbox-slideshow=\"00af21f\" data-elementor-lightbox-title=\"03\" data-e-action-hash=\"#elementor-action%3Aaction%3Dlightbox%26settings%3DeyJpZCI6NDU4NSwidXJsIjoiaHR0cHM6XC9cL2ZpbGJldC5ldVwvd3AtY29udGVudFwvdXBsb2Fkc1wvMjAyNFwvMDVcLzAzLmpwZWciLCJzbGlkZXNob3ciOiIwMGFmMjFmIn0%3D\" href='https:\/\/filbet.eu\/wp-content\/uploads\/2024\/05\/03.jpeg'><img loading=\"lazy\" decoding=\"async\" width=\"768\" height=\"576\" src=\"https:\/\/filbet.eu\/wp-content\/uploads\/2024\/05\/03-768x576.jpeg\" class=\"attachment-medium_large size-medium_large\" alt=\"\" srcset=\"https:\/\/filbet.eu\/wp-content\/uploads\/2024\/05\/03-768x576.jpeg 768w, https:\/\/filbet.eu\/wp-content\/uploads\/2024\/05\/03-463x348.jpeg 463w, https:\/\/filbet.eu\/wp-content\/uploads\/2024\/05\/03-640x480.jpeg 640w, https:\/\/filbet.eu\/wp-content\/uploads\/2024\/05\/03-400x300.jpeg 400w, https:\/\/filbet.eu\/wp-content\/uploads\/2024\/05\/03-367x275.jpeg 367w\" sizes=\"(max-width: 768px) 100vw, 768px\" \/><\/a>\n\t\t\t<\/div><\/figure>\n\t\t<\/div>\n\t\t<\/div>\n\t\t\t\t\t\t<\/div>\n\t\t\t\t<\/div>\n\t\t\t\t\t<\/div>\n\t\t\t\t<\/div>\n\t\t\t\t<\/div>","protected":false},"excerpt":{"rendered":"<p>Canaliza\u00e7\u00e3o A nossa equipa de especialistas em canaliza\u00e7\u00e3o oferece solu\u00e7\u00f5es completas para sistemas hidr\u00e1ulicos, garantindo efici\u00eancia e durabilidade. Seja para instala\u00e7\u00f5es novas, reparos ou manuten\u00e7\u00e3o, trabalhamos com materiais de alta qualidade e t\u00e9cnicas avan\u00e7adas para assegurar que seu sistema de canaliza\u00e7\u00e3o funcione perfeitamente. Atendemos tanto a projetos residenciais quanto comerciais, sempre com o compromisso de [&hellip;]<\/p>","protected":false},"author":1,"featured_media":0,"parent":4509,"menu_order":0,"comment_status":"closed","ping_status":"closed","template":"","meta":{"_acf_changed":false,"footnotes":""},"class_list":["post-4583","page","type-page","status-publish","hentry"],"acf":[],"_links":{"self":[{"href":"https:\/\/filbet.eu\/en\/wp-json\/wp\/v2\/pages\/4583","targetHints":{"allow":["GET"]}}],"collection":[{"href":"https:\/\/filbet.eu\/en\/wp-json\/wp\/v2\/pages"}],"about":[{"href":"https:\/\/filbet.eu\/en\/wp-json\/wp\/v2\/types\/page"}],"author":[{"embeddable":true,"href":"https:\/\/filbet.eu\/en\/wp-json\/wp\/v2\/users\/1"}],"replies":[{"embeddable":true,"href":"https:\/\/filbet.eu\/en\/wp-json\/wp\/v2\/comments?post=4583"}],"version-history":[{"count":7,"href":"https:\/\/filbet.eu\/en\/wp-json\/wp\/v2\/pages\/4583\/revisions"}],"predecessor-version":[{"id":4893,"href":"https:\/\/filbet.eu\/en\/wp-json\/wp\/v2\/pages\/4583\/revisions\/4893"}],"up":[{"embeddable":true,"href":"https:\/\/filbet.eu\/en\/wp-json\/wp\/v2\/pages\/4509"}],"wp:attachment":[{"href":"https:\/\/filbet.eu\/en\/wp-json\/wp\/v2\/media?parent=4583"}],"curies":[{"name":"wp","href":"https:\/\/api.w.org\/{rel}","templated":true}]}}