{"id":4567,"date":"2024-05-19T11:56:32","date_gmt":"2024-05-19T11:56:32","guid":{"rendered":"https:\/\/filbet.eu\/?page_id=4567"},"modified":"2024-05-20T13:28:07","modified_gmt":"2024-05-20T13:28:07","slug":"eletricidade","status":"publish","type":"page","link":"https:\/\/filbet.eu\/en\/servicos\/eletricidade\/","title":{"rendered":"Electricity"},"content":{"rendered":"<div data-elementor-type=\"wp-page\" data-elementor-id=\"4567\" class=\"elementor elementor-4567\">\n\t\t\t\t<div class=\"elementor-element elementor-element-29ddbb3 e-flex e-con-boxed e-con e-parent\" data-id=\"29ddbb3\" data-element_type=\"container\">\r\n\t\t\t\t\t<div class=\"e-con-inner\">\r\n\t\t<div class=\"elementor-element elementor-element-ae57db3 e-con-full e-flex e-con e-child\" data-id=\"ae57db3\" data-element_type=\"container\">\r\n\t\t\t\t<div class=\"elementor-element elementor-element-f802be8 elementor-widget elementor-widget-image\" data-id=\"f802be8\" data-element_type=\"widget\" data-widget_type=\"image.default\">\n\t\t\t\t<div class=\"elementor-widget-container\">\n\t\t\t\t\t\t\t\t\t\t\t\t\t\t\t<img fetchpriority=\"high\" decoding=\"async\" width=\"289\" height=\"289\" src=\"https:\/\/filbet.eu\/wp-content\/uploads\/2024\/05\/categoria-eletricidade.jpg\" class=\"attachment-full size-full wp-image-4513\" alt=\"\" \/>\t\t\t\t\t\t\t\t\t\t\t\t\t\t\t<\/div>\n\t\t\t\t<\/div>\n\t\t\t\t<div class=\"elementor-element elementor-element-1d8239b elementor-widget elementor-widget-porto_ultimate_heading\" data-id=\"1d8239b\" data-element_type=\"widget\" data-widget_type=\"porto_ultimate_heading.default\">\n\t\t\t\t<div class=\"elementor-widget-container\">\n\t\t\t\t\t<div class=\"porto-u-heading  porto-u-ad87e2eaf3f9c495180fe0156ddf3eb0\"><div class=\"porto-u-main-heading\"><h2   >Electricity<\/h2><\/div><div class=\"porto-u-heading-spacer line_only\" style=\"height:1px;\"><span class=\"porto-u-headings-line\" style=\"border-style:solid;border-bottom-width:1px;width:80px;\"><\/span><\/div><style>.porto-u-ad87e2eaf3f9c495180fe0156ddf3eb0.porto-u-heading{text-align:left} .porto-u-ad87e2eaf3f9c495180fe0156ddf3eb0 .porto-u-headings-line{float: left;}<\/style><\/div>\t\t\t\t<\/div>\n\t\t\t\t<\/div>\n\t\t\t\t<div class=\"elementor-element elementor-element-cd87ce1 elementor-widget elementor-widget-text-editor\" data-id=\"cd87ce1\" data-element_type=\"widget\" data-widget_type=\"text-editor.default\">\n\t\t\t\t<div class=\"elementor-widget-container\">\n\t\t\t\t\t\t\t\t\t<p>We offer complete electrical services, from installations to maintenance of electrical systems.<\/p>\t\t\t\t\t\t\t\t<\/div>\n\t\t\t\t<\/div>\n\t\t\t\t<div class=\"elementor-element elementor-element-98c027e elementor-widget elementor-widget-text-editor\" data-id=\"98c027e\" data-element_type=\"widget\" data-widget_type=\"text-editor.default\">\n\t\t\t\t<div class=\"elementor-widget-container\">\n\t\t\t\t\t\t\t\t\t<p>Our team of qualified electricians is able to handle projects of any scale, ensuring safety and compliance with regulatory standards. We use best practices and advanced technologies to provide efficient and reliable electrical systems for homes, businesses and industries.<\/p>\t\t\t\t\t\t\t\t<\/div>\n\t\t\t\t<\/div>\n\t\t\t\t<\/div>\n\t\t<div class=\"elementor-element elementor-element-1a91af3 e-con-full e-flex e-con e-child\" data-id=\"1a91af3\" data-element_type=\"container\">\r\n\t\t\t\t<\/div>\n\t\t\t\t\t<\/div>\n\t\t\t\t<\/div>\n\t\t<div class=\"elementor-element elementor-element-05c12ee e-flex e-con-boxed e-con e-parent\" data-id=\"05c12ee\" data-element_type=\"container\">\r\n\t\t\t\t\t<div class=\"e-con-inner\">\r\n\t\t\t\t<div class=\"elementor-element elementor-element-00af21f elementor-widget elementor-widget-image-gallery\" data-id=\"00af21f\" data-element_type=\"widget\" data-widget_type=\"image-gallery.default\">\n\t\t\t\t<div class=\"elementor-widget-container\">\n\t\t\t\t\t\t\t<div class=\"elementor-image-gallery\">\n\t\t\t<div id='gallery-1' class='gallery galleryid-4567 gallery-columns-3 gallery-size-medium_large'><figure class='gallery-item'>\n\t\t\t<div class='gallery-icon landscape'>\n\t\t\t\t<a data-elementor-open-lightbox=\"yes\" data-elementor-lightbox-slideshow=\"00af21f\" data-elementor-lightbox-title=\"46\" data-e-action-hash=\"#elementor-action%3Aaction%3Dlightbox%26settings%3DeyJpZCI6NDU3NiwidXJsIjoiaHR0cHM6XC9cL2ZpbGJldC5ldVwvd3AtY29udGVudFwvdXBsb2Fkc1wvMjAyNFwvMDVcLzQ2LmpwZWciLCJzbGlkZXNob3ciOiIwMGFmMjFmIn0%3D\" href='https:\/\/filbet.eu\/wp-content\/uploads\/2024\/05\/46.jpeg'><img decoding=\"async\" width=\"768\" height=\"576\" src=\"https:\/\/filbet.eu\/wp-content\/uploads\/2024\/05\/46-768x576.jpeg\" class=\"attachment-medium_large size-medium_large\" alt=\"\" srcset=\"https:\/\/filbet.eu\/wp-content\/uploads\/2024\/05\/46-768x576.jpeg 768w, https:\/\/filbet.eu\/wp-content\/uploads\/2024\/05\/46-463x348.jpeg 463w, https:\/\/filbet.eu\/wp-content\/uploads\/2024\/05\/46-640x480.jpeg 640w, https:\/\/filbet.eu\/wp-content\/uploads\/2024\/05\/46-400x300.jpeg 400w, https:\/\/filbet.eu\/wp-content\/uploads\/2024\/05\/46-367x275.jpeg 367w\" sizes=\"(max-width: 768px) 100vw, 768px\" \/><\/a>\n\t\t\t<\/div><\/figure><figure class='gallery-item'>\n\t\t\t<div class='gallery-icon landscape'>\n\t\t\t\t<a data-elementor-open-lightbox=\"yes\" data-elementor-lightbox-slideshow=\"00af21f\" data-elementor-lightbox-title=\"18\" data-e-action-hash=\"#elementor-action%3Aaction%3Dlightbox%26settings%3DeyJpZCI6NDU3MywidXJsIjoiaHR0cHM6XC9cL2ZpbGJldC5ldVwvd3AtY29udGVudFwvdXBsb2Fkc1wvMjAyNFwvMDVcLzE4LmpwZWciLCJzbGlkZXNob3ciOiIwMGFmMjFmIn0%3D\" href='https:\/\/filbet.eu\/wp-content\/uploads\/2024\/05\/18.jpeg'><img decoding=\"async\" width=\"768\" height=\"576\" src=\"https:\/\/filbet.eu\/wp-content\/uploads\/2024\/05\/18-768x576.jpeg\" class=\"attachment-medium_large size-medium_large\" alt=\"\" srcset=\"https:\/\/filbet.eu\/wp-content\/uploads\/2024\/05\/18-768x576.jpeg 768w, https:\/\/filbet.eu\/wp-content\/uploads\/2024\/05\/18-463x348.jpeg 463w, https:\/\/filbet.eu\/wp-content\/uploads\/2024\/05\/18-640x480.jpeg 640w, https:\/\/filbet.eu\/wp-content\/uploads\/2024\/05\/18-400x300.jpeg 400w, https:\/\/filbet.eu\/wp-content\/uploads\/2024\/05\/18-367x275.jpeg 367w\" sizes=\"(max-width: 768px) 100vw, 768px\" \/><\/a>\n\t\t\t<\/div><\/figure><figure class='gallery-item'>\n\t\t\t<div class='gallery-icon landscape'>\n\t\t\t\t<a data-elementor-open-lightbox=\"yes\" data-elementor-lightbox-slideshow=\"00af21f\" data-elementor-lightbox-title=\"17\" data-e-action-hash=\"#elementor-action%3Aaction%3Dlightbox%26settings%3DeyJpZCI6NDU3MiwidXJsIjoiaHR0cHM6XC9cL2ZpbGJldC5ldVwvd3AtY29udGVudFwvdXBsb2Fkc1wvMjAyNFwvMDVcLzE3LmpwZWciLCJzbGlkZXNob3ciOiIwMGFmMjFmIn0%3D\" href='https:\/\/filbet.eu\/wp-content\/uploads\/2024\/05\/17.jpeg'><img loading=\"lazy\" decoding=\"async\" width=\"768\" height=\"576\" src=\"https:\/\/filbet.eu\/wp-content\/uploads\/2024\/05\/17-768x576.jpeg\" class=\"attachment-medium_large size-medium_large\" alt=\"\" srcset=\"https:\/\/filbet.eu\/wp-content\/uploads\/2024\/05\/17-768x576.jpeg 768w, https:\/\/filbet.eu\/wp-content\/uploads\/2024\/05\/17-463x348.jpeg 463w, https:\/\/filbet.eu\/wp-content\/uploads\/2024\/05\/17-640x480.jpeg 640w, https:\/\/filbet.eu\/wp-content\/uploads\/2024\/05\/17-400x300.jpeg 400w, https:\/\/filbet.eu\/wp-content\/uploads\/2024\/05\/17-367x275.jpeg 367w\" sizes=\"(max-width: 768px) 100vw, 768px\" \/><\/a>\n\t\t\t<\/div><\/figure><figure class='gallery-item'>\n\t\t\t<div class='gallery-icon landscape'>\n\t\t\t\t<a data-elementor-open-lightbox=\"yes\" data-elementor-lightbox-slideshow=\"00af21f\" data-elementor-lightbox-title=\"50\" data-e-action-hash=\"#elementor-action%3Aaction%3Dlightbox%26settings%3DeyJpZCI6NDU3OCwidXJsIjoiaHR0cHM6XC9cL2ZpbGJldC5ldVwvd3AtY29udGVudFwvdXBsb2Fkc1wvMjAyNFwvMDVcLzUwLmpwZWciLCJzbGlkZXNob3ciOiIwMGFmMjFmIn0%3D\" href='https:\/\/filbet.eu\/wp-content\/uploads\/2024\/05\/50.jpeg'><img loading=\"lazy\" decoding=\"async\" width=\"768\" height=\"576\" src=\"https:\/\/filbet.eu\/wp-content\/uploads\/2024\/05\/50-768x576.jpeg\" class=\"attachment-medium_large size-medium_large\" alt=\"\" srcset=\"https:\/\/filbet.eu\/wp-content\/uploads\/2024\/05\/50-768x576.jpeg 768w, https:\/\/filbet.eu\/wp-content\/uploads\/2024\/05\/50-463x348.jpeg 463w, https:\/\/filbet.eu\/wp-content\/uploads\/2024\/05\/50-640x480.jpeg 640w, https:\/\/filbet.eu\/wp-content\/uploads\/2024\/05\/50-400x300.jpeg 400w, https:\/\/filbet.eu\/wp-content\/uploads\/2024\/05\/50-367x275.jpeg 367w\" sizes=\"(max-width: 768px) 100vw, 768px\" \/><\/a>\n\t\t\t<\/div><\/figure><figure class='gallery-item'>\n\t\t\t<div class='gallery-icon landscape'>\n\t\t\t\t<a data-elementor-open-lightbox=\"yes\" data-elementor-lightbox-slideshow=\"00af21f\" data-elementor-lightbox-title=\"52\" data-e-action-hash=\"#elementor-action%3Aaction%3Dlightbox%26settings%3DeyJpZCI6NDU3NywidXJsIjoiaHR0cHM6XC9cL2ZpbGJldC5ldVwvd3AtY29udGVudFwvdXBsb2Fkc1wvMjAyNFwvMDVcLzUyLmpwZWciLCJzbGlkZXNob3ciOiIwMGFmMjFmIn0%3D\" href='https:\/\/filbet.eu\/wp-content\/uploads\/2024\/05\/52.jpeg'><img loading=\"lazy\" decoding=\"async\" width=\"768\" height=\"576\" src=\"https:\/\/filbet.eu\/wp-content\/uploads\/2024\/05\/52-768x576.jpeg\" class=\"attachment-medium_large size-medium_large\" alt=\"\" srcset=\"https:\/\/filbet.eu\/wp-content\/uploads\/2024\/05\/52-768x576.jpeg 768w, https:\/\/filbet.eu\/wp-content\/uploads\/2024\/05\/52-463x348.jpeg 463w, https:\/\/filbet.eu\/wp-content\/uploads\/2024\/05\/52-640x480.jpeg 640w, https:\/\/filbet.eu\/wp-content\/uploads\/2024\/05\/52-400x300.jpeg 400w, https:\/\/filbet.eu\/wp-content\/uploads\/2024\/05\/52-367x275.jpeg 367w\" sizes=\"(max-width: 768px) 100vw, 768px\" \/><\/a>\n\t\t\t<\/div><\/figure><figure class='gallery-item'>\n\t\t\t<div class='gallery-icon landscape'>\n\t\t\t\t<a data-elementor-open-lightbox=\"yes\" data-elementor-lightbox-slideshow=\"00af21f\" data-elementor-lightbox-title=\"09-1\" data-e-action-hash=\"#elementor-action%3Aaction%3Dlightbox%26settings%3DeyJpZCI6NDU3MCwidXJsIjoiaHR0cHM6XC9cL2ZpbGJldC5ldVwvd3AtY29udGVudFwvdXBsb2Fkc1wvMjAyNFwvMDVcLzA5LTEuanBlZyIsInNsaWRlc2hvdyI6IjAwYWYyMWYifQ%3D%3D\" href='https:\/\/filbet.eu\/wp-content\/uploads\/2024\/05\/09-1.jpeg'><img loading=\"lazy\" decoding=\"async\" width=\"768\" height=\"576\" src=\"https:\/\/filbet.eu\/wp-content\/uploads\/2024\/05\/09-1-768x576.jpeg\" class=\"attachment-medium_large size-medium_large\" alt=\"\" srcset=\"https:\/\/filbet.eu\/wp-content\/uploads\/2024\/05\/09-1-768x576.jpeg 768w, https:\/\/filbet.eu\/wp-content\/uploads\/2024\/05\/09-1-463x348.jpeg 463w, https:\/\/filbet.eu\/wp-content\/uploads\/2024\/05\/09-1-640x480.jpeg 640w, https:\/\/filbet.eu\/wp-content\/uploads\/2024\/05\/09-1-400x300.jpeg 400w, https:\/\/filbet.eu\/wp-content\/uploads\/2024\/05\/09-1-367x275.jpeg 367w\" sizes=\"(max-width: 768px) 100vw, 768px\" \/><\/a>\n\t\t\t<\/div><\/figure><figure class='gallery-item'>\n\t\t\t<div class='gallery-icon landscape'>\n\t\t\t\t<a data-elementor-open-lightbox=\"yes\" data-elementor-lightbox-slideshow=\"00af21f\" data-elementor-lightbox-title=\"49\" data-e-action-hash=\"#elementor-action%3Aaction%3Dlightbox%26settings%3DeyJpZCI6NDU3OSwidXJsIjoiaHR0cHM6XC9cL2ZpbGJldC5ldVwvd3AtY29udGVudFwvdXBsb2Fkc1wvMjAyNFwvMDVcLzQ5LmpwZWciLCJzbGlkZXNob3ciOiIwMGFmMjFmIn0%3D\" href='https:\/\/filbet.eu\/wp-content\/uploads\/2024\/05\/49.jpeg'><img loading=\"lazy\" decoding=\"async\" width=\"768\" height=\"576\" src=\"https:\/\/filbet.eu\/wp-content\/uploads\/2024\/05\/49-768x576.jpeg\" class=\"attachment-medium_large size-medium_large\" alt=\"\" srcset=\"https:\/\/filbet.eu\/wp-content\/uploads\/2024\/05\/49-768x576.jpeg 768w, https:\/\/filbet.eu\/wp-content\/uploads\/2024\/05\/49-463x348.jpeg 463w, https:\/\/filbet.eu\/wp-content\/uploads\/2024\/05\/49-640x480.jpeg 640w, https:\/\/filbet.eu\/wp-content\/uploads\/2024\/05\/49-400x300.jpeg 400w, https:\/\/filbet.eu\/wp-content\/uploads\/2024\/05\/49-367x275.jpeg 367w\" sizes=\"(max-width: 768px) 100vw, 768px\" \/><\/a>\n\t\t\t<\/div><\/figure><figure class='gallery-item'>\n\t\t\t<div class='gallery-icon landscape'>\n\t\t\t\t<a data-elementor-open-lightbox=\"yes\" data-elementor-lightbox-slideshow=\"00af21f\" data-elementor-lightbox-title=\"14\" data-e-action-hash=\"#elementor-action%3Aaction%3Dlightbox%26settings%3DeyJpZCI6NDU3MSwidXJsIjoiaHR0cHM6XC9cL2ZpbGJldC5ldVwvd3AtY29udGVudFwvdXBsb2Fkc1wvMjAyNFwvMDVcLzE0LmpwZWciLCJzbGlkZXNob3ciOiIwMGFmMjFmIn0%3D\" href='https:\/\/filbet.eu\/wp-content\/uploads\/2024\/05\/14.jpeg'><img loading=\"lazy\" decoding=\"async\" width=\"768\" height=\"576\" src=\"https:\/\/filbet.eu\/wp-content\/uploads\/2024\/05\/14-768x576.jpeg\" class=\"attachment-medium_large size-medium_large\" alt=\"\" srcset=\"https:\/\/filbet.eu\/wp-content\/uploads\/2024\/05\/14-768x576.jpeg 768w, https:\/\/filbet.eu\/wp-content\/uploads\/2024\/05\/14-463x348.jpeg 463w, https:\/\/filbet.eu\/wp-content\/uploads\/2024\/05\/14-640x480.jpeg 640w, https:\/\/filbet.eu\/wp-content\/uploads\/2024\/05\/14-400x300.jpeg 400w, https:\/\/filbet.eu\/wp-content\/uploads\/2024\/05\/14-367x275.jpeg 367w\" sizes=\"(max-width: 768px) 100vw, 768px\" \/><\/a>\n\t\t\t<\/div><\/figure><figure class='gallery-item'>\n\t\t\t<div class='gallery-icon landscape'>\n\t\t\t\t<a data-elementor-open-lightbox=\"yes\" data-elementor-lightbox-slideshow=\"00af21f\" data-elementor-lightbox-title=\"32-1\" data-e-action-hash=\"#elementor-action%3Aaction%3Dlightbox%26settings%3DeyJpZCI6NDU3NSwidXJsIjoiaHR0cHM6XC9cL2ZpbGJldC5ldVwvd3AtY29udGVudFwvdXBsb2Fkc1wvMjAyNFwvMDVcLzMyLTEuanBlZyIsInNsaWRlc2hvdyI6IjAwYWYyMWYifQ%3D%3D\" href='https:\/\/filbet.eu\/wp-content\/uploads\/2024\/05\/32-1.jpeg'><img loading=\"lazy\" decoding=\"async\" width=\"768\" height=\"576\" src=\"https:\/\/filbet.eu\/wp-content\/uploads\/2024\/05\/32-1-768x576.jpeg\" class=\"attachment-medium_large size-medium_large\" alt=\"\" srcset=\"https:\/\/filbet.eu\/wp-content\/uploads\/2024\/05\/32-1-768x576.jpeg 768w, https:\/\/filbet.eu\/wp-content\/uploads\/2024\/05\/32-1-463x348.jpeg 463w, https:\/\/filbet.eu\/wp-content\/uploads\/2024\/05\/32-1-640x480.jpeg 640w, https:\/\/filbet.eu\/wp-content\/uploads\/2024\/05\/32-1-400x300.jpeg 400w, https:\/\/filbet.eu\/wp-content\/uploads\/2024\/05\/32-1-367x275.jpeg 367w\" sizes=\"(max-width: 768px) 100vw, 768px\" \/><\/a>\n\t\t\t<\/div><\/figure><figure class='gallery-item'>\n\t\t\t<div class='gallery-icon landscape'>\n\t\t\t\t<a data-elementor-open-lightbox=\"yes\" data-elementor-lightbox-slideshow=\"00af21f\" data-elementor-lightbox-title=\"30-2\" data-e-action-hash=\"#elementor-action%3Aaction%3Dlightbox%26settings%3DeyJpZCI6NDU3NCwidXJsIjoiaHR0cHM6XC9cL2ZpbGJldC5ldVwvd3AtY29udGVudFwvdXBsb2Fkc1wvMjAyNFwvMDVcLzMwLTIuanBlZyIsInNsaWRlc2hvdyI6IjAwYWYyMWYifQ%3D%3D\" href='https:\/\/filbet.eu\/wp-content\/uploads\/2024\/05\/30-2.jpeg'><img loading=\"lazy\" decoding=\"async\" width=\"768\" height=\"576\" src=\"https:\/\/filbet.eu\/wp-content\/uploads\/2024\/05\/30-2-768x576.jpeg\" class=\"attachment-medium_large size-medium_large\" alt=\"\" srcset=\"https:\/\/filbet.eu\/wp-content\/uploads\/2024\/05\/30-2-768x576.jpeg 768w, https:\/\/filbet.eu\/wp-content\/uploads\/2024\/05\/30-2-463x348.jpeg 463w, https:\/\/filbet.eu\/wp-content\/uploads\/2024\/05\/30-2-640x480.jpeg 640w, https:\/\/filbet.eu\/wp-content\/uploads\/2024\/05\/30-2-400x300.jpeg 400w, https:\/\/filbet.eu\/wp-content\/uploads\/2024\/05\/30-2-367x275.jpeg 367w\" sizes=\"(max-width: 768px) 100vw, 768px\" \/><\/a>\n\t\t\t<\/div><\/figure>\n\t\t<\/div>\n\t\t<\/div>\n\t\t\t\t\t\t<\/div>\n\t\t\t\t<\/div>\n\t\t\t\t\t<\/div>\n\t\t\t\t<\/div>\n\t\t\t\t<\/div>","protected":false},"excerpt":{"rendered":"<p>Eletricidade Oferecemos servi\u00e7os completos de eletricidade, desde instala\u00e7\u00f5es at\u00e9 manuten\u00e7\u00e3o de sistemas el\u00e9tricos. A nossa equipa de eletricistas qualificados \u00e9 capacitada para lidar com projetos de qualquer escala, garantindo seguran\u00e7a e conformidade com as normas regulamentares. Utilizamos as melhores pr\u00e1ticas e tecnologias avan\u00e7adas para proporcionar sistemas el\u00e9tricos eficientes e confi\u00e1veis para resid\u00eancias, com\u00e9rcios e ind\u00fastrias.<\/p>","protected":false},"author":1,"featured_media":0,"parent":4509,"menu_order":0,"comment_status":"closed","ping_status":"closed","template":"","meta":{"_acf_changed":false,"footnotes":""},"class_list":["post-4567","page","type-page","status-publish","hentry"],"acf":[],"_links":{"self":[{"href":"https:\/\/filbet.eu\/en\/wp-json\/wp\/v2\/pages\/4567","targetHints":{"allow":["GET"]}}],"collection":[{"href":"https:\/\/filbet.eu\/en\/wp-json\/wp\/v2\/pages"}],"about":[{"href":"https:\/\/filbet.eu\/en\/wp-json\/wp\/v2\/types\/page"}],"author":[{"embeddable":true,"href":"https:\/\/filbet.eu\/en\/wp-json\/wp\/v2\/users\/1"}],"replies":[{"embeddable":true,"href":"https:\/\/filbet.eu\/en\/wp-json\/wp\/v2\/comments?post=4567"}],"version-history":[{"count":7,"href":"https:\/\/filbet.eu\/en\/wp-json\/wp\/v2\/pages\/4567\/revisions"}],"predecessor-version":[{"id":4896,"href":"https:\/\/filbet.eu\/en\/wp-json\/wp\/v2\/pages\/4567\/revisions\/4896"}],"up":[{"embeddable":true,"href":"https:\/\/filbet.eu\/en\/wp-json\/wp\/v2\/pages\/4509"}],"wp:attachment":[{"href":"https:\/\/filbet.eu\/en\/wp-json\/wp\/v2\/media?parent=4567"}],"curies":[{"name":"wp","href":"https:\/\/api.w.org\/{rel}","templated":true}]}}