{"id":197,"date":"2020-12-19T10:52:32","date_gmt":"2020-12-19T10:52:32","guid":{"rendered":"http:\/\/sw-themes.com\/porto_dummy\/?page_id=197"},"modified":"2024-07-29T13:42:36","modified_gmt":"2024-07-29T13:42:36","slug":"contacto","status":"publish","type":"page","link":"https:\/\/filbet.eu\/en\/contacto\/","title":{"rendered":"Contact"},"content":{"rendered":"<div data-elementor-type=\"wp-page\" data-elementor-id=\"197\" class=\"elementor elementor-197\">\n\t\t\t\t\t\t<div class=\"porto-full-no-gap elementor-section elementor-top-section elementor-element elementor-element-5183885 elementor-section-full_width elementor-section-height-default elementor-section-height-default\" data-id=\"5183885\" data-element_type=\"section\">\r\n\t\t\r\n\t\t\t\t\t\t\t<div class=\"elementor-container elementor-column-gap-no\">\r\n\t\t\t\t\t\t\t\t\t\t\t<div class=\"elementor-column elementor-col-100 elementor-top-column elementor-element elementor-element-4db60c3\" data-id=\"4db60c3\" data-element_type=\"column\">\r\n\t\t\t\t\t<div class=\"elementor-widget-wrap elementor-element-populated\">\r\n\t\t\t\t\t\t\t\t<div class=\"elementor-element elementor-element-dab04b0 elementor-widget elementor-widget-google_maps\" data-id=\"dab04b0\" data-element_type=\"widget\" data-widget_type=\"google_maps.default\">\n\t\t\t\t<div class=\"elementor-widget-container\">\n\t\t\t\t\t\t\t<div class=\"elementor-custom-embed\">\n\t\t\t<iframe loading=\"lazy\"\n\t\t\t\t\tsrc=\"https:\/\/maps.google.com\/maps?q=R.%20Fernando%20Namora%204%2C%202675-690%20Odivelas&#038;t=m&#038;z=15&#038;output=embed&#038;iwloc=near\"\n\t\t\t\t\ttitle=\"R. Fernando Namora 4, 2675-690 Odivelas\"\n\t\t\t\t\taria-label=\"R. Fernando Namora 4, 2675-690 Odivelas\"\n\t\t\t><\/iframe>\n\t\t<\/div>\n\t\t\t\t\t\t<\/div>\n\t\t\t\t<\/div>\n\t\t\t\t\t<\/div>\r\n\t\t\t\t<\/div>\r\n\t\t\t\t\t<\/div>\r\n\t\t\t\t<\/div>\r\n\t\t\t\t<div class=\"elementor-section elementor-top-section elementor-element elementor-element-00d6582 my-md-5 elementor-section-boxed elementor-section-height-default elementor-section-height-default\" data-id=\"00d6582\" data-element_type=\"section\">\r\n\t\t\r\n\t\t\t\t\t\t\t<div class=\"elementor-container elementor-column-gap-default\">\r\n\t\t\t\t\t\t\t\t\t\t\t<div class=\"elementor-column elementor-col-50 elementor-top-column elementor-element elementor-element-05022b1\" data-id=\"05022b1\" data-element_type=\"column\">\r\n\t\t\t\t\t<div class=\"elementor-widget-wrap elementor-element-populated\">\r\n\t\t\t\t\t\t\t\t<div class=\"elementor-element elementor-element-6e5a98d mb-0 elementor-widget elementor-widget-heading\" data-id=\"6e5a98d\" data-element_type=\"widget\" data-widget_type=\"heading.default\">\n\t\t\t\t<div class=\"elementor-widget-container\">\n\t\t\t\t\t<h2 class=\"elementor-heading-title elementor-size-default\">Contact Us<\/h2>\t\t\t\t<\/div>\n\t\t\t\t<\/div>\n\t\t\t\t<div class=\"elementor-element elementor-element-c08aef5 ps-3 m-b-lg pb-2 elementor-widget elementor-widget-porto_info_box\" data-id=\"c08aef5\" data-element_type=\"widget\" data-widget_type=\"porto_info_box.default\">\n\t\t\t\t<div class=\"elementor-widget-container\">\n\t\t\t\t\t<div class=\"porto-sicon-box style_1 left-icon\"><div class=\"porto-sicon-left\"><div class=\"porto-just-icon-wrapper porto-icon none\" style=\"\"><i class=\"porto-icon-map-location\"><\/i><\/div><\/div><div class=\"porto-sicon-body\"><div class=\"porto-sicon-header\"><h3 class=\"porto-sicon-title\" style=\"\">Where are we<\/h3><\/div> <!-- header --><div class=\"porto-sicon-description\" style=\"\" ><div class=\"d-flex flex-column flex-sm-row\"><div class=\"porto-sicon-description\"><div class=\"d-flex flex-column flex-sm-row\"><ul class=\"list list-unstyled pe-5 mb-md-0\"><li class=\"mb-0\"><div class=\"d-flex flex-column flex-sm-row\"><ul class=\"list list-unstyled pe-5 mb-md-0\"><li class=\"mb-0\" style=\"font-size: 1.15em; line-height: 24px;\"><strong class=\"text-color-dark custom-font-size-3\">LISBON<\/strong><\/li><li class=\"mb-0\" style=\"line-height: 24px;\">Metropolitan Business Center<\/li><li class=\"mb-0\" style=\"line-height: 24px;\">Rua Fernando Namora, N4 - 6E<\/li><li class=\"mb-0\" style=\"line-height: 24px;\">Colinas do Cruzeiro<\/li><li>2675-487 Odivelas<\/li><\/ul><\/div><\/li><\/ul><\/div><\/div><\/div><\/div> <!-- description --><\/div><\/div><!-- porto-sicon-box -->\t\t\t\t<\/div>\n\t\t\t\t<\/div>\n\t\t\t\t<div class=\"elementor-element elementor-element-37630b3 ps-3 m-b-lg pb-2 elementor-widget elementor-widget-porto_info_box\" data-id=\"37630b3\" data-element_type=\"widget\" data-widget_type=\"porto_info_box.default\">\n\t\t\t\t<div class=\"elementor-widget-container\">\n\t\t\t\t\t<div class=\"porto-sicon-box style_1 left-icon\"><div class=\"porto-sicon-left\"><div class=\"porto-just-icon-wrapper porto-icon none\" style=\"\"><i class=\"porto-icon-envelope\"><\/i><\/div><\/div><div class=\"porto-sicon-body\"><div class=\"porto-sicon-header\"><h3 class=\"porto-sicon-title\" style=\"\"> E-mail<\/h3><\/div> <!-- header --><div class=\"porto-sicon-description\" style=\"\" ><ul class=\"list list-unstyled pe-5 mb-0\"><li style=\"list-style-type: none;\"><ul class=\"list list-unstyled pe-5 mb-0\"><li class=\"mb-0\"><a class=\"text-color-default text-color-hover-primary text-decoration-none\" href=\"mailto:geral@filbet.eu\">geral@filbet.eu<\/a><\/li><\/ul><\/li><\/ul><\/div> <!-- description --><\/div><\/div><!-- porto-sicon-box -->\t\t\t\t<\/div>\n\t\t\t\t<\/div>\n\t\t\t\t<div class=\"elementor-element elementor-element-508f1b4 ps-3 mb-4 pb-3 elementor-widget elementor-widget-porto_info_box\" data-id=\"508f1b4\" data-element_type=\"widget\" data-widget_type=\"porto_info_box.default\">\n\t\t\t\t<div class=\"elementor-widget-container\">\n\t\t\t\t\t<div class=\"porto-sicon-box style_1 left-icon\"><div class=\"porto-sicon-left\"><div class=\"porto-just-icon-wrapper porto-icon none\" style=\"\"><i class=\"porto-icon-tablet\"><\/i><\/div><\/div><div class=\"porto-sicon-body\"><div class=\"porto-sicon-header\"><h3 class=\"porto-sicon-title\" style=\"\">Telephones<\/h3><\/div> <!-- header --><div class=\"porto-sicon-description\" style=\"\" ><ul class=\"list list-unstyled pe-5 mb-0\"><li class=\"mb-0\"><a class=\"text-color-default text-color-hover-primary text-decoration-none\" href=\"tel:+351218962075\">+351 218 962 075 (national landline call)<\/a><\/li><li class=\"mb-0\"><a href=\"tel:+351967639151\">+351 967 639 151 (chamada rede m\u00f3vel nacional)<\/a><\/li><\/ul><\/div> <!-- description --><\/div><\/div><!-- porto-sicon-box -->\t\t\t\t<\/div>\n\t\t\t\t<\/div>\n\t\t\t\t\t<\/div>\r\n\t\t\t\t<\/div>\r\n\t\t\t\t<div class=\"elementor-column elementor-col-50 elementor-top-column elementor-element elementor-element-739c082\" data-id=\"739c082\" data-element_type=\"column\">\r\n\t\t\t\t\t<div class=\"elementor-widget-wrap elementor-element-populated\">\r\n\t\t\t\t\t\t\t\t<div class=\"elementor-element elementor-element-036cd04 mb-4 pb-2 elementor-widget elementor-widget-heading\" data-id=\"036cd04\" data-element_type=\"widget\" data-widget_type=\"heading.default\">\n\t\t\t\t<div class=\"elementor-widget-container\">\n\t\t\t\t\t<h2 class=\"elementor-heading-title elementor-size-default\">Send your message, we will respond quickly<\/h2>\t\t\t\t<\/div>\n\t\t\t\t<\/div>\n\t\t\t\t<div class=\"elementor-element elementor-element-e85a473 elementor-widget elementor-widget-porto_contact_form\" data-id=\"e85a473\" data-element_type=\"widget\" data-widget_type=\"porto_contact_form.default\">\n\t\t\t\t<div class=\"elementor-widget-container\">\n\t\t\t\t\t<div class=\"wpforms-container wpforms-container-full wpforms-render-modern\" id=\"wpforms-4921\"><form id=\"wpforms-form-4921\" class=\"wpforms-validate wpforms-form wpforms-ajax-form\" data-formid=\"4921\" method=\"post\" enctype=\"multipart\/form-data\" action=\"\/en\/wp-json\/wp\/v2\/pages\/197\" data-token=\"17e4934287be52f244303daef8551a95\" data-token-time=\"1778766304\" data-trp-original-action=\"\/en\/wp-json\/wp\/v2\/pages\/197\"><noscript class=\"wpforms-error-noscript\">Please enable JavaScript in your browser to complete this form.<\/noscript><div class=\"wpforms-hidden\" id=\"wpforms-error-noscript\">Please enable JavaScript in your browser to complete this form.<\/div><div class=\"wpforms-field-container\"><div id=\"wpforms-4921-field_0-container\" class=\"wpforms-field wpforms-field-name\" data-field-id=\"0\"><label class=\"wpforms-field-label\" for=\"wpforms-4921-field_0\">Full Name <span class=\"wpforms-required-label\" aria-hidden=\"true\">*<\/span><\/label><input type=\"text\" id=\"wpforms-4921-field_0\" class=\"wpforms-field-medium wpforms-field-required\" name=\"wpforms[fields][0]\" aria-errormessage=\"wpforms-4921-field_0-error\" required><\/div><div id=\"wpforms-4921-field_5-container\" class=\"wpforms-field wpforms-field-number\" data-field-id=\"5\"><label class=\"wpforms-field-label\" for=\"wpforms-4921-field_5\">Telephone <span class=\"wpforms-required-label\" aria-hidden=\"true\">*<\/span><\/label><input type=\"number\" id=\"wpforms-4921-field_5\" class=\"wpforms-field-medium wpforms-field-required\" name=\"wpforms[fields][5]\" aria-errormessage=\"wpforms-4921-field_5-error\" required><\/div><div id=\"wpforms-4921-field_1-container\" class=\"wpforms-field wpforms-field-email\" data-field-id=\"1\"><label class=\"wpforms-field-label\" for=\"wpforms-4921-field_1\">Email <span class=\"wpforms-required-label\" aria-hidden=\"true\">*<\/span><\/label><input type=\"email\" id=\"wpforms-4921-field_1\" class=\"wpforms-field-medium wpforms-field-required\" name=\"wpforms[fields][1]\" spellcheck=\"false\" aria-errormessage=\"wpforms-4921-field_1-error\" required><\/div><div id=\"wpforms-4921-field_7-container\" class=\"wpforms-field wpforms-field-checkbox wpforms-list-2-columns\" data-field-id=\"7\"><fieldset><legend class=\"wpforms-field-label\">What type(s) of service(s)?<\/legend><ul id=\"wpforms-4921-field_7\"><li class=\"choice-2 depth-1\"><input type=\"checkbox\" id=\"wpforms-4921-field_7_2\" name=\"wpforms[fields][7][]\" value=\"Eletricidade\" aria-errormessage=\"wpforms-4921-field_7_2-error\"  ><label class=\"wpforms-field-label-inline\" for=\"wpforms-4921-field_7_2\">Electricity<\/label><\/li><li class=\"choice-3 depth-1\"><input type=\"checkbox\" id=\"wpforms-4921-field_7_3\" name=\"wpforms[fields][7][]\" value=\"Pladur\" aria-errormessage=\"wpforms-4921-field_7_3-error\"  ><label class=\"wpforms-field-label-inline\" for=\"wpforms-4921-field_7_3\">Drywall<\/label><\/li><li class=\"choice-4 depth-1\"><input type=\"checkbox\" id=\"wpforms-4921-field_7_4\" name=\"wpforms[fields][7][]\" value=\"Manuten\u00e7\u00e3o\" aria-errormessage=\"wpforms-4921-field_7_4-error\"  ><label class=\"wpforms-field-label-inline\" for=\"wpforms-4921-field_7_4\">Maintenance<\/label><\/li><li class=\"choice-5 depth-1\"><input type=\"checkbox\" id=\"wpforms-4921-field_7_5\" name=\"wpforms[fields][7][]\" value=\"Acabamento\" aria-errormessage=\"wpforms-4921-field_7_5-error\"  ><label class=\"wpforms-field-label-inline\" for=\"wpforms-4921-field_7_5\">Finishing<\/label><\/li><li class=\"choice-6 depth-1\"><input type=\"checkbox\" id=\"wpforms-4921-field_7_6\" name=\"wpforms[fields][7][]\" value=\"Subesta\u00e7\u00e3o\" aria-errormessage=\"wpforms-4921-field_7_6-error\"  ><label class=\"wpforms-field-label-inline\" for=\"wpforms-4921-field_7_6\">Substation<\/label><\/li><li class=\"choice-7 depth-1\"><input type=\"checkbox\" id=\"wpforms-4921-field_7_7\" name=\"wpforms[fields][7][]\" value=\"Serralharia\" aria-errormessage=\"wpforms-4921-field_7_7-error\"  ><label class=\"wpforms-field-label-inline\" for=\"wpforms-4921-field_7_7\">Locksmith<\/label><\/li><li class=\"choice-8 depth-1\"><input type=\"checkbox\" id=\"wpforms-4921-field_7_8\" name=\"wpforms[fields][7][]\" value=\"Canaliza\u00e7\u00e3o\" aria-errormessage=\"wpforms-4921-field_7_8-error\"  ><label class=\"wpforms-field-label-inline\" for=\"wpforms-4921-field_7_8\">Plumbing<\/label><\/li><li class=\"choice-1 depth-1\"><input type=\"checkbox\" id=\"wpforms-4921-field_7_1\" name=\"wpforms[fields][7][]\" value=\"Outro Servi\u00e7o\" aria-errormessage=\"wpforms-4921-field_7_1-error\"  ><label class=\"wpforms-field-label-inline\" for=\"wpforms-4921-field_7_1\">Other Service<\/label><\/li><\/ul><\/fieldset><\/div><div id=\"wpforms-4921-field_2-container\" class=\"wpforms-field wpforms-field-textarea\" data-field-id=\"2\"><label class=\"wpforms-field-label\" for=\"wpforms-4921-field_2\">If necessary, leave more information below:<\/label><textarea id=\"wpforms-4921-field_2\" class=\"wpforms-field-medium\" name=\"wpforms[fields][2]\" aria-errormessage=\"wpforms-4921-field_2-error\" ><\/textarea><\/div><div id=\"wpforms-4921-field_6-container\" class=\"wpforms-field wpforms-field-gdpr-checkbox\" data-field-id=\"6\"><label class=\"wpforms-field-label\">GDPR - General Data Protection Regulation <span class=\"wpforms-required-label\" aria-hidden=\"true\">*<\/span><\/label><ul id=\"wpforms-4921-field_6\" class=\"wpforms-field-required\"><li class=\"choice-1\"><input type=\"checkbox\" id=\"wpforms-4921-field_6_1\" name=\"wpforms[fields][6][]\" value=\"Declaro que li a &lt;a href=&quot;https:\/\/filbet.eu\/politica-de-privacidade\/&quot;&gt;Pol\u00edtica de Privacidade &lt;\/a&gt;e autorizo \u200b\u200bque este site armazene as informa\u00e7\u00f5es enviadas para que possam responder \u00e0 minha consulta.\" aria-errormessage=\"wpforms-4921-field_6_1-error\" required><label class=\"wpforms-field-label-inline\" for=\"wpforms-4921-field_6_1\">I declare that I have read the <a href=\"https:\/\/filbet.eu\/en\/politica-de-privacidade\/\">Privacy Policy <\/a>and I authorize this website to store the information I submit so that it can respond to my query.<\/label><\/li><\/ul><\/div><\/div><!-- .wpforms-field-container --><div class=\"wpforms-recaptcha-container wpforms-is-recaptcha wpforms-is-recaptcha-type-v3\" ><input type=\"hidden\" name=\"wpforms[recaptcha]\" value=\"\"><\/div><div class=\"wpforms-submit-container\" ><input type=\"hidden\" name=\"wpforms[id]\" value=\"4921\"><input type=\"hidden\" name=\"page_title\" value=\"\"><input type=\"hidden\" name=\"page_url\" value=\"https:\/\/filbet.eu\/en\/wp-json\/wp\/v2\/pages\/197\"><button type=\"submit\" name=\"wpforms[submit]\" id=\"wpforms-submit-4921\" class=\"wpforms-submit\" data-alt-text=\"A enviar a sua mensagem ...\" data-submit-text=\"Submeter\" aria-live=\"assertive\" value=\"wpforms-submit\">Submit<\/button><img decoding=\"async\" src=\"https:\/\/filbet.eu\/wp-content\/plugins\/wpforms-lite\/assets\/images\/submit-spin.svg\" class=\"wpforms-submit-spinner\" style=\"display: none;\" width=\"26\" height=\"26\" alt=\"Loading\"><\/div><input type=\"hidden\" name=\"trp-form-language\" value=\"en\"\/><\/form><\/div>  <!-- .wpforms-container -->\t\t\t\t<\/div>\n\t\t\t\t<\/div>\n\t\t\t\t\t<\/div>\r\n\t\t\t\t<\/div>\r\n\t\t\t\t\t<\/div>\r\n\t\t\t\t<\/div>\r\n\t\t\t\t<\/div>","protected":false},"excerpt":{"rendered":"<p>Contacte-nos Onde Estamos LISBOA Metropolitan Business Center Rua Fernando Namora, N4 &#8211; 6E Colinas do Cruzeiro 2675-487 Odivelas E-mail geral@filbet.eu Telefones +351 218 962 075 (chamada rede fixa nacional) +351 967 639 151 (chamada rede m\u00f3vel nacional) Envie a sua mensagem, seremos breves na resposta Please enable JavaScript in your browser to complete this form.Please [&hellip;]<\/p>","protected":false},"author":1,"featured_media":0,"parent":0,"menu_order":0,"comment_status":"closed","ping_status":"closed","template":"","meta":{"_acf_changed":false,"footnotes":""},"class_list":["post-197","page","type-page","status-publish","hentry"],"acf":[],"_links":{"self":[{"href":"https:\/\/filbet.eu\/en\/wp-json\/wp\/v2\/pages\/197","targetHints":{"allow":["GET"]}}],"collection":[{"href":"https:\/\/filbet.eu\/en\/wp-json\/wp\/v2\/pages"}],"about":[{"href":"https:\/\/filbet.eu\/en\/wp-json\/wp\/v2\/types\/page"}],"author":[{"embeddable":true,"href":"https:\/\/filbet.eu\/en\/wp-json\/wp\/v2\/users\/1"}],"replies":[{"embeddable":true,"href":"https:\/\/filbet.eu\/en\/wp-json\/wp\/v2\/comments?post=197"}],"version-history":[{"count":16,"href":"https:\/\/filbet.eu\/en\/wp-json\/wp\/v2\/pages\/197\/revisions"}],"predecessor-version":[{"id":5149,"href":"https:\/\/filbet.eu\/en\/wp-json\/wp\/v2\/pages\/197\/revisions\/5149"}],"wp:attachment":[{"href":"https:\/\/filbet.eu\/en\/wp-json\/wp\/v2\/media?parent=197"}],"curies":[{"name":"wp","href":"https:\/\/api.w.org\/{rel}","templated":true}]}}