{"id":188,"date":"2020-12-19T10:51:33","date_gmt":"2020-12-19T10:51:33","guid":{"rendered":"http:\/\/sw-themes.com\/porto_dummy\/?page_id=188"},"modified":"2024-05-28T21:07:18","modified_gmt":"2024-05-28T21:07:18","slug":"sobre-nos","status":"publish","type":"page","link":"https:\/\/filbet.eu\/en\/sobre-nos\/","title":{"rendered":"About Us"},"content":{"rendered":"<div data-elementor-type=\"wp-page\" data-elementor-id=\"188\" class=\"elementor elementor-188\">\n\t\t\t\t\t\t<section class=\"elementor-section elementor-top-section elementor-element elementor-element-8439d52 pc-section-shape-background background-color-tertiary elementor-section-content-middle elementor-section-boxed elementor-section-height-default elementor-section-height-default\" data-id=\"8439d52\" data-element_type=\"section\">\r\n\t\t\r\n\t\t\t\t\t\t\t<div class=\"elementor-container elementor-column-gap-default\">\r\n\t\t\t\t\t\t\t\t\t\t\t<div class=\"elementor-column elementor-col-50 elementor-top-column elementor-element elementor-element-cecb7f2 z-index-2 pe-lg-4 my-lg-4\" data-id=\"cecb7f2\" data-element_type=\"column\">\r\n\t\t\t\t\t<div class=\"elementor-widget-wrap elementor-element-populated\">\r\n\t\t\t\t\t\t\t\t<div class=\"elementor-element elementor-element-ab92529 mb-0 box-shadow-3 elementor-invisible elementor-widget elementor-widget-image\" data-id=\"ab92529\" data-element_type=\"widget\" data-settings=\"{&quot;_animation&quot;:&quot;fadeInLeft&quot;,&quot;_animation_delay&quot;:200}\" data-widget_type=\"image.default\">\n\t\t\t\t<div class=\"elementor-widget-container\">\n\t\t\t\t\t\t\t\t\t\t\t\t\t\t\t<img fetchpriority=\"high\" decoding=\"async\" width=\"524\" height=\"464\" src=\"https:\/\/filbet.eu\/wp-content\/uploads\/2020\/12\/industry-generic-2.jpg\" class=\"attachment-full size-full wp-image-100\" alt=\"\" srcset=\"https:\/\/filbet.eu\/wp-content\/uploads\/2020\/12\/industry-generic-2.jpg 524w, https:\/\/filbet.eu\/wp-content\/uploads\/2020\/12\/industry-generic-2-400x354.jpg 400w, https:\/\/filbet.eu\/wp-content\/uploads\/2020\/12\/industry-generic-2-367x325.jpg 367w\" sizes=\"(max-width: 524px) 100vw, 524px\" \/>\t\t\t\t\t\t\t\t\t\t\t\t\t\t\t<\/div>\n\t\t\t\t<\/div>\n\t\t\t\t\t<\/div>\r\n\t\t\t\t<\/div>\r\n\t\t\t\t<div class=\"elementor-column elementor-col-50 elementor-top-column elementor-element elementor-element-6896157 z-index-2  my-lg-4 elementor-invisible\" data-id=\"6896157\" data-element_type=\"column\" data-settings=\"{&quot;animation&quot;:&quot;fadeInLeft&quot;,&quot;animation_delay&quot;:500}\">\r\n\t\t\t\t\t<div class=\"elementor-widget-wrap elementor-element-populated\">\r\n\t\t\t\t\t\t\t\t<div class=\"elementor-element elementor-element-80efb34 py-2 mb-0 elementor-widget elementor-widget-heading\" data-id=\"80efb34\" data-element_type=\"widget\" data-widget_type=\"heading.default\">\n\t\t\t\t<div class=\"elementor-widget-container\">\n\t\t\t\t\t<h3 class=\"elementor-heading-title elementor-size-default\">FILBET<\/h3>\t\t\t\t<\/div>\n\t\t\t\t<\/div>\n\t\t\t\t<div class=\"elementor-element elementor-element-f867c3e mb-3 elementor-widget elementor-widget-heading\" data-id=\"f867c3e\" data-element_type=\"widget\" data-widget_type=\"heading.default\">\n\t\t\t\t<div class=\"elementor-widget-container\">\n\t\t\t\t\t<h2 class=\"elementor-heading-title elementor-size-default\">About Us<\/h2>\t\t\t\t<\/div>\n\t\t\t\t<\/div>\n\t\t\t\t<div class=\"elementor-element elementor-element-f1e9071 pb-3 mb-0 custom-font1 elementor-widget elementor-widget-heading\" data-id=\"f1e9071\" data-element_type=\"widget\" data-widget_type=\"heading.default\">\n\t\t\t\t<div class=\"elementor-widget-container\">\n\t\t\t\t\t<p class=\"elementor-heading-title elementor-size-default\">Our history is shaped by our passion for excellence and commitment to quality.<\/p>\t\t\t\t<\/div>\n\t\t\t\t<\/div>\n\t\t\t\t<div class=\"elementor-element elementor-element-e61e8c9 elementor-widget elementor-widget-heading\" data-id=\"e61e8c9\" data-element_type=\"widget\" data-widget_type=\"heading.default\">\n\t\t\t\t<div class=\"elementor-widget-container\">\n\t\t\t\t\t<p class=\"elementor-heading-title elementor-size-default\">With a legacy of 25 years of experience, we have become leaders in the construction and maintenance sector, especially in energy substation and power system projects. Our team of highly qualified and dedicated professionals is ready to meet your needs, providing tailored solutions that exceed expectations.<\/p>\t\t\t\t<\/div>\n\t\t\t\t<\/div>\n\t\t\t\t\t<\/div>\r\n\t\t\t\t<\/div>\r\n\t\t\t\t\t<\/div>\r\n\t\t\t\t<\/section>\r\n\t\t\t\t<section class=\"elementor-section elementor-top-section elementor-element elementor-element-f773bde pc-section-shape-background shape-reverse background-color-tertiary elementor-section-content-middle elementor-section-boxed elementor-section-height-default elementor-section-height-default\" data-id=\"f773bde\" data-element_type=\"section\">\r\n\t\t\r\n\t\t\t\t\t\t\t<div class=\"elementor-container elementor-column-gap-default\">\r\n\t\t\t\t\t\t\t\t\t\t\t<div class=\"elementor-column elementor-col-50 elementor-top-column elementor-element elementor-element-ac30027 ps-lg-4 my-lg-4 order-lg-2\" data-id=\"ac30027\" data-element_type=\"column\">\r\n\t\t\t\t\t<div class=\"elementor-widget-wrap elementor-element-populated\">\r\n\t\t\t\t\t\t\t\t<div class=\"elementor-element elementor-element-97dfc99 mb-0 box-shadow-3 elementor-invisible elementor-widget elementor-widget-image\" data-id=\"97dfc99\" data-element_type=\"widget\" data-settings=\"{&quot;_animation&quot;:&quot;fadeInRight&quot;,&quot;_animation_delay&quot;:400}\" data-widget_type=\"image.default\">\n\t\t\t\t<div class=\"elementor-widget-container\">\n\t\t\t\t\t\t\t\t\t\t\t\t\t\t\t<img decoding=\"async\" width=\"524\" height=\"464\" src=\"https:\/\/filbet.eu\/wp-content\/uploads\/2020\/12\/industry-generic-1.jpg\" class=\"attachment-full size-full wp-image-102\" alt=\"\" srcset=\"https:\/\/filbet.eu\/wp-content\/uploads\/2020\/12\/industry-generic-1.jpg 524w, https:\/\/filbet.eu\/wp-content\/uploads\/2020\/12\/industry-generic-1-400x354.jpg 400w, https:\/\/filbet.eu\/wp-content\/uploads\/2020\/12\/industry-generic-1-367x325.jpg 367w\" sizes=\"(max-width: 524px) 100vw, 524px\" \/>\t\t\t\t\t\t\t\t\t\t\t\t\t\t\t<\/div>\n\t\t\t\t<\/div>\n\t\t\t\t\t<\/div>\r\n\t\t\t\t<\/div>\r\n\t\t\t\t<div class=\"elementor-column elementor-col-50 elementor-top-column elementor-element elementor-element-da16fdc my-lg-4 elementor-invisible\" data-id=\"da16fdc\" data-element_type=\"column\" data-settings=\"{&quot;animation&quot;:&quot;fadeInRight&quot;,&quot;animation_delay&quot;:200}\">\r\n\t\t\t\t\t<div class=\"elementor-widget-wrap elementor-element-populated\">\r\n\t\t\t\t\t\t\t\t<div class=\"elementor-element elementor-element-f6a5df7 py-2 mb-0 elementor-widget elementor-widget-heading\" data-id=\"f6a5df7\" data-element_type=\"widget\" data-widget_type=\"heading.default\">\n\t\t\t\t<div class=\"elementor-widget-container\">\n\t\t\t\t\t<h3 class=\"elementor-heading-title elementor-size-default\">Our<\/h3>\t\t\t\t<\/div>\n\t\t\t\t<\/div>\n\t\t\t\t<div class=\"elementor-element elementor-element-96fb1d7 mb-3 elementor-widget elementor-widget-heading\" data-id=\"96fb1d7\" data-element_type=\"widget\" data-widget_type=\"heading.default\">\n\t\t\t\t<div class=\"elementor-widget-container\">\n\t\t\t\t\t<h2 class=\"elementor-heading-title elementor-size-default\">Mission<\/h2>\t\t\t\t<\/div>\n\t\t\t\t<\/div>\n\t\t\t\t<div class=\"elementor-element elementor-element-8f5a37d pb-3 mb-0 custom-font1 elementor-widget elementor-widget-heading\" data-id=\"8f5a37d\" data-element_type=\"widget\" data-widget_type=\"heading.default\">\n\t\t\t\t<div class=\"elementor-widget-container\">\n\t\t\t\t\t<p class=\"elementor-heading-title elementor-size-default\">Our mission is to provide high-quality finishing services for works, electricity, plumbing, drywall and metalwork, meeting the needs of a wide range of clients, from small residential renovations to large industrial projects. <\/p>\t\t\t\t<\/div>\n\t\t\t\t<\/div>\n\t\t\t\t<div class=\"elementor-element elementor-element-4aa71aa elementor-widget elementor-widget-heading\" data-id=\"4aa71aa\" data-element_type=\"widget\" data-widget_type=\"heading.default\">\n\t\t\t\t<div class=\"elementor-widget-container\">\n\t\t\t\t\t<p class=\"elementor-heading-title elementor-size-default\">With over 25 years of experience, we are committed to offering customized solutions that exceed our clients' expectations, driven by excellence, innovation and integrity in everything we do.<\/p>\t\t\t\t<\/div>\n\t\t\t\t<\/div>\n\t\t\t\t\t<\/div>\r\n\t\t\t\t<\/div>\r\n\t\t\t\t\t<\/div>\r\n\t\t\t\t<\/section>\r\n\t\t\t\t<section class=\"elementor-section elementor-top-section elementor-element elementor-element-4a8b0b2 pc-section-shape-background background-color-tertiary elementor-section-content-middle elementor-section-boxed elementor-section-height-default elementor-section-height-default\" data-id=\"4a8b0b2\" data-element_type=\"section\">\r\n\t\t\r\n\t\t\t\t\t\t\t<div class=\"elementor-container elementor-column-gap-default\">\r\n\t\t\t\t\t\t\t\t\t\t\t<div class=\"elementor-column elementor-col-50 elementor-top-column elementor-element elementor-element-9b08c59 z-index-2 pe-lg-4 my-lg-4\" data-id=\"9b08c59\" data-element_type=\"column\">\r\n\t\t\t\t\t<div class=\"elementor-widget-wrap elementor-element-populated\">\r\n\t\t\t\t\t\t\t\t<div class=\"elementor-element elementor-element-70b9834 mb-0 box-shadow-3 elementor-invisible elementor-widget elementor-widget-image\" data-id=\"70b9834\" data-element_type=\"widget\" data-settings=\"{&quot;_animation&quot;:&quot;fadeInLeft&quot;,&quot;_animation_delay&quot;:200}\" data-widget_type=\"image.default\">\n\t\t\t\t<div class=\"elementor-widget-container\">\n\t\t\t\t\t\t\t\t\t\t\t\t\t\t\t<img decoding=\"async\" width=\"524\" height=\"464\" src=\"https:\/\/filbet.eu\/wp-content\/uploads\/2024\/05\/sobre-nos3.jpg\" class=\"attachment-full size-full wp-image-4463\" alt=\"\" srcset=\"https:\/\/filbet.eu\/wp-content\/uploads\/2024\/05\/sobre-nos3.jpg 524w, https:\/\/filbet.eu\/wp-content\/uploads\/2024\/05\/sobre-nos3-400x354.jpg 400w, https:\/\/filbet.eu\/wp-content\/uploads\/2024\/05\/sobre-nos3-367x325.jpg 367w\" sizes=\"(max-width: 524px) 100vw, 524px\" \/>\t\t\t\t\t\t\t\t\t\t\t\t\t\t\t<\/div>\n\t\t\t\t<\/div>\n\t\t\t\t\t<\/div>\r\n\t\t\t\t<\/div>\r\n\t\t\t\t<div class=\"elementor-column elementor-col-50 elementor-top-column elementor-element elementor-element-e7f40a1 z-index-2  my-lg-4 elementor-invisible\" data-id=\"e7f40a1\" data-element_type=\"column\" data-settings=\"{&quot;animation&quot;:&quot;fadeInLeft&quot;,&quot;animation_delay&quot;:500}\">\r\n\t\t\t\t\t<div class=\"elementor-widget-wrap elementor-element-populated\">\r\n\t\t\t\t\t\t\t\t<div class=\"elementor-element elementor-element-e607eee py-2 mb-0 elementor-widget elementor-widget-heading\" data-id=\"e607eee\" data-element_type=\"widget\" data-widget_type=\"heading.default\">\n\t\t\t\t<div class=\"elementor-widget-container\">\n\t\t\t\t\t<h3 class=\"elementor-heading-title elementor-size-default\">Our<\/h3>\t\t\t\t<\/div>\n\t\t\t\t<\/div>\n\t\t\t\t<div class=\"elementor-element elementor-element-2e83025 mb-3 elementor-widget elementor-widget-heading\" data-id=\"2e83025\" data-element_type=\"widget\" data-widget_type=\"heading.default\">\n\t\t\t\t<div class=\"elementor-widget-container\">\n\t\t\t\t\t<h2 class=\"elementor-heading-title elementor-size-default\">Vision<\/h2>\t\t\t\t<\/div>\n\t\t\t\t<\/div>\n\t\t\t\t<div class=\"elementor-element elementor-element-047adf9 pb-3 mb-0 custom-font1 elementor-widget elementor-widget-heading\" data-id=\"047adf9\" data-element_type=\"widget\" data-widget_type=\"heading.default\">\n\t\t\t\t<div class=\"elementor-widget-container\">\n\t\t\t\t\t<p class=\"elementor-heading-title elementor-size-default\">Our vision is to be recognized as leaders in the construction and maintenance sector, especially in energy substation and power systems projects. <\/p>\t\t\t\t<\/div>\n\t\t\t\t<\/div>\n\t\t\t\t<div class=\"elementor-element elementor-element-56940cf elementor-widget elementor-widget-heading\" data-id=\"56940cf\" data-element_type=\"widget\" data-widget_type=\"heading.default\">\n\t\t\t\t<div class=\"elementor-widget-container\">\n\t\t\t\t\t<p class=\"elementor-heading-title elementor-size-default\">We continually strive for excellence in our work, expanding our capabilities, investing in our team and staying at the forefront of technology and sustainable practices. We aim to be the first choice for clients who seek quality, reliability and commitment in each project.<\/p>\t\t\t\t<\/div>\n\t\t\t\t<\/div>\n\t\t\t\t\t<\/div>\r\n\t\t\t\t<\/div>\r\n\t\t\t\t\t<\/div>\r\n\t\t\t\t<\/section>\r\n\t\t\t\t<div class=\"elementor-section elementor-top-section elementor-element elementor-element-db88c98 elementor-section-content-middle overlay-primary elementor-section-boxed elementor-section-height-default elementor-section-height-default elementor-invisible\" data-id=\"db88c98\" data-element_type=\"section\" data-settings=\"{&quot;background_background&quot;:&quot;classic&quot;,&quot;animation&quot;:&quot;fadeIn&quot;,&quot;animation_delay&quot;:200}\">\r\n\t\t\r\n\t\t\t\t\t\t\t<div class=\"elementor-container elementor-column-gap-default\">\r\n\t\t\t\t\t\t\t\t\t\t\t<div class=\"elementor-column elementor-col-50 elementor-top-column elementor-element elementor-element-d12b324\" data-id=\"d12b324\" data-element_type=\"column\">\r\n\t\t\t\t\t<div class=\"elementor-widget-wrap elementor-element-populated\">\r\n\t\t\t\t\t\t\t\t<div class=\"elementor-element elementor-element-88c1ab0 elementor-widget elementor-widget-heading\" data-id=\"88c1ab0\" data-element_type=\"widget\" data-widget_type=\"heading.default\">\n\t\t\t\t<div class=\"elementor-widget-container\">\n\t\t\t\t\t<h2 class=\"elementor-heading-title elementor-size-default\">Do your next project with us<\/h2>\t\t\t\t<\/div>\n\t\t\t\t<\/div>\n\t\t\t\t\t<\/div>\r\n\t\t\t\t<\/div>\r\n\t\t\t\t<div class=\"elementor-column elementor-col-50 elementor-top-column elementor-element elementor-element-2e08336\" data-id=\"2e08336\" data-element_type=\"column\">\r\n\t\t\t\t\t<div class=\"elementor-widget-wrap elementor-element-populated\">\r\n\t\t\t\t\t\t\t\t<div class=\"elementor-element elementor-element-df18f70 btn-triangle text-lg-end overflow-hidden elementor-widget elementor-widget-porto_button\" data-id=\"df18f70\" data-element_type=\"widget\" data-widget_type=\"porto_button.default\">\n\t\t\t\t<div class=\"elementor-widget-container\">\n\t\t\t\t\t<a aria-label=\"button\" class=\"btn btn-lg btn-light btn-modern\" href=\"https:\/\/filbet.eu\/en\/contacto\/\"><span >get in touch<\/span><\/a>\t\t\t\t<\/div>\n\t\t\t\t<\/div>\n\t\t\t\t\t<\/div>\r\n\t\t\t\t<\/div>\r\n\t\t\t\t\t<\/div>\r\n\t\t\t\t<\/div>\r\n\t\t\t\t<\/div>","protected":false},"excerpt":{"rendered":"<p>FILBET Sobre N\u00f3s A nossa hist\u00f3ria \u00e9 moldada pela nossa paix\u00e3o pela excel\u00eancia e compromisso com a qualidade. Com um legado de 25 anos de experi\u00eancia, nos tornamos l\u00edderes no setor de constru\u00e7\u00e3o e manuten\u00e7\u00e3o, especialmente em projetos de subesta\u00e7\u00f5es de energia e sistemas de pot\u00eancia. A nossa equipa de profissionais altamente qualificados e dedicados [&hellip;]<\/p>","protected":false},"author":1,"featured_media":0,"parent":0,"menu_order":0,"comment_status":"closed","ping_status":"closed","template":"","meta":{"_acf_changed":false,"footnotes":""},"class_list":["post-188","page","type-page","status-publish","hentry"],"acf":[],"_links":{"self":[{"href":"https:\/\/filbet.eu\/en\/wp-json\/wp\/v2\/pages\/188","targetHints":{"allow":["GET"]}}],"collection":[{"href":"https:\/\/filbet.eu\/en\/wp-json\/wp\/v2\/pages"}],"about":[{"href":"https:\/\/filbet.eu\/en\/wp-json\/wp\/v2\/types\/page"}],"author":[{"embeddable":true,"href":"https:\/\/filbet.eu\/en\/wp-json\/wp\/v2\/users\/1"}],"replies":[{"embeddable":true,"href":"https:\/\/filbet.eu\/en\/wp-json\/wp\/v2\/comments?post=188"}],"version-history":[{"count":16,"href":"https:\/\/filbet.eu\/en\/wp-json\/wp\/v2\/pages\/188\/revisions"}],"predecessor-version":[{"id":5046,"href":"https:\/\/filbet.eu\/en\/wp-json\/wp\/v2\/pages\/188\/revisions\/5046"}],"wp:attachment":[{"href":"https:\/\/filbet.eu\/en\/wp-json\/wp\/v2\/media?parent=188"}],"curies":[{"name":"wp","href":"https:\/\/api.w.org\/{rel}","templated":true}]}}